{"id":147,"date":"2025-04-28T21:19:38","date_gmt":"2025-04-28T19:19:38","guid":{"rendered":"https:\/\/www.cqcsolutions.cz\/?page_id=147"},"modified":"2025-12-26T17:25:14","modified_gmt":"2025-12-26T16:25:14","slug":"skupinove-strelecke-kurzy-drily","status":"publish","type":"page","link":"https:\/\/www.cqcsolutions.cz\/?page_id=147","title":{"rendered":"SKUPINOV\u00c9 KURZY \/ DRILY\u00a0\/ TR\u00c9NINKY"},"content":{"rendered":"\n<p>!!!Term\u00edn kurzu je vyhla\u0161ov\u00e1n po p\u0159edb\u011b\u017en\u00e9m p\u0159ihl\u00e1\u0161en\u00ed minim\u00e1ln\u011b 4 \u00fa\u010dastn\u00edk\u016f.<br>Po dosa\u017een\u00ed tohoto po\u010dtu budou v\u0161ichni p\u0159ihl\u00e1\u0161en\u00ed klienti neprodlen\u011b informov\u00e1ni o konkr\u00e9tn\u00edm term\u00ednu kon\u00e1n\u00ed a organiza\u010dn\u00edch detailech kurzu!!!<\/p>\n\n\n\n<p>Skupinov\u00e9 st\u0159eleck\u00e9 kurzy jsou ide\u00e1ln\u00ed pro <strong>za\u010d\u00e1te\u010dn\u00edky i pokro\u010dil\u00e9 st\u0159elce<\/strong>, kte\u0159\u00ed cht\u011bj\u00ed z\u00edskat jistotu v ovl\u00e1d\u00e1n\u00ed zbran\u011b, nau\u010dit se spr\u00e1vn\u00e9 techniky st\u0159elby a procvi\u010dit dynamick\u00e9 st\u0159eleck\u00e9 situace. <\/p>\n\n\n\n<p><strong>Z\u00e1kladn\u00ed st\u0159eleck\u00fd kurz<\/strong><\/p>\n\n\n\n<p><strong>Pro koho je ur\u010den?<\/strong><br>Za\u010d\u00e1te\u010dn\u00edky, kte\u0159\u00ed cht\u011bj\u00ed zvl\u00e1dnout bezpe\u010dn\u00e9 a spr\u00e1vn\u00e9 zach\u00e1zen\u00ed se zbran\u00ed.<br>St\u0159elce, kte\u0159\u00ed si cht\u011bj\u00ed zopakovat z\u00e1klady a upevnit si spr\u00e1vn\u00e9 n\u00e1vyky.<br>Dr\u017eitele ZP, kte\u0159\u00ed cht\u011bj\u00ed zv\u00fd\u0161it jistotu p\u0159i manipulaci se zbran\u00ed.<\/p>\n\n\n\n<p><strong>Co se nau\u010d\u00edte?<\/strong><br>Z\u00e1sady bezpe\u010dn\u00e9 manipulace se zbran\u00ed.<br>Spr\u00e1vn\u00fd \u00fachop, postoj a pr\u00e1ce se spou\u0161t\u00ed.<br>Zam\u011b\u0159ov\u00e1n\u00ed a kontrola m\u00ed\u0159idel.<br>Spr\u00e1vn\u00e9 d\u00fdch\u00e1n\u00ed a ovl\u00e1d\u00e1n\u00ed zp\u011btn\u00e9ho r\u00e1zu.<br>Z\u00e1klady st\u0159elby na statick\u00fd c\u00edl.<br>\u0158e\u0161en\u00ed z\u00e1kladn\u00edch z\u00e1vad zbran\u011b.<\/p>\n\n\n\n<p>D\u00e9lka kurzu max. 6 hodiny.<\/p>\n\n\n\n<p><br><strong>St\u0159eleck\u00e9 drily (pro m\u00edrn\u011b pokro\u010dil\u00e9 a pokro\u010dil\u00e9 st\u0159elce)<\/strong><\/p>\n\n\n\n<p><strong>Pro koho je ur\u010den?<\/strong><br>St\u0159elce, kte\u0159\u00ed ovl\u00e1daj\u00ed z\u00e1kladn\u00ed manipulaci a cht\u011bj\u00ed zlep\u0161it rychlost a p\u0159esnost.<br>Profesion\u00e1ly, kte\u0159\u00ed pot\u0159ebuj\u00ed tr\u00e9novat efektivn\u00ed \u0159e\u0161en\u00ed st\u0159eleck\u00fdch situac\u00ed.<\/p>\n\n\n\n<p> D\u00e9lka drilu max. 4 hodiny.<\/p>\n\n\n\n<p><strong>Obsah kurz\u016f:<\/strong><br>Pr\u00e1ce na efektivit\u011b a rychlosti st\u0159elby.<br>P\u0159echody mezi jednotliv\u00fdmi c\u00edli.<br>St\u0159elba z krytu a za pohybu.<br>Zm\u011bny pozic (stoj, klek, leh).<br>Rychl\u00e9 p\u0159eb\u00edjen\u00ed a \u0159e\u0161en\u00ed z\u00e1vad.<br>Taktick\u00e9 drily ve dvojici a skupin\u011b.<br>Stresov\u00e9 situace a \u010dasov\u00e9 limity.<\/p>\n\n\n\n<p><strong>St\u0159eleck\u00e9 tr\u00e9ninky<\/strong><\/p>\n\n\n\n<p>Skupinov\u00e9 tr\u00e9ninky jsou zam\u011b\u0159en\u00e9 na <strong>efektivn\u00ed, dynamickou a re\u00e1lnou st\u0159elbu<\/strong>. Vhodn\u00e9 pro <strong>v\u0161echny st\u0159elce<\/strong>, kte\u0159\u00ed cht\u011bj\u00ed sv\u00e9 schopnosti posunout na vy\u0161\u0161\u00ed \u00farove\u0148. <\/p>\n\n\n\n<p>D\u00e9lka tr\u00e9ninku max. 2 hodiny.<\/p>\n\n\n\n<p><strong>Co v\u00e1s \u010dek\u00e1?<\/strong><\/p>\n\n\n\n<p>Bezpe\u010dn\u00e1 manipulace se zbran\u00ed \u2013 spr\u00e1vn\u00e9 n\u00e1vyky, prevence chyb.<br>Dr\u017een\u00ed, m\u00ed\u0159en\u00ed a spou\u0161t\u011bn\u00ed \u2013 z\u00e1klady pro p\u0159esnou a efektivn\u00ed st\u0159elbu.<br>Spr\u00e1vn\u00e1 pr\u00e1ce se spou\u0161t\u00ed a d\u00fdch\u00e1n\u00edm \u2013 kl\u00ed\u010d k p\u0159esn\u00fdm z\u00e1sah\u016fm&#8230;<br><br><strong>Jak tr\u00e9nink prob\u00edh\u00e1?<\/strong><br>Teoretick\u00e1 \u010d\u00e1st \u2013 pochopen\u00ed z\u00e1klad\u016f a spr\u00e1vn\u00fdch n\u00e1vyk\u016f.<br>Praktick\u00e1 st\u0159elba<br>Anal\u00fdza a zp\u011btn\u00e1 vazba \u2013 odhalen\u00ed chyb a jejich okam\u017eit\u00e1 n\u00e1prava.<\/p>\n\n\n\n<p><strong>Pro koho je kurz ur\u010den?<\/strong><\/p>\n\n\n\n<p>Za\u010d\u00ednaj\u00edc\u00ed st\u0159elce \u2013 kte\u0159\u00ed cht\u011bj\u00ed z\u00edskat jistotu v manipulaci se zbran\u00ed.<br>Dr\u017eitele zbrojn\u00edho pr\u016fkazu \u2013 kte\u0159\u00ed cht\u011bj\u00ed zdokonalit svou techniku.<br>Ka\u017ed\u00e9ho, kdo si chce zopakovat a zdokonalit st\u0159eleck\u00e9 dovednosti.<\/p>\n\n\n\n<p><strong>Spr\u00e1vn\u00e1 technika, jistota a p\u0159esnost \u2013 tr\u00e9nujte pod dohledem profesion\u00e1la!<\/strong><\/p>\n\n\n\n<p><strong>V\u0161e co u\u010d\u00edme je ov\u011b\u0159eno mnohaletou prax\u00ed. <\/strong><\/p>\n\n\n\n<p>\ud83d\udccd <strong>M\u00edsto kon\u00e1n\u00ed:<\/strong> viz konkr\u00e9tn\u00ed term\u00edn v <a href=\"https:\/\/www.cqcsolutions.cz\/?post_type=tribe_events\" data-type=\"link\" data-id=\"https:\/\/www.cqcsolutions.cz\/?post_type=tribe_events\">kalend\u00e1\u0159i<\/a> , nebo dle domluvy.<br><br><strong>Fotografie z kurzu<\/strong><\/p>\n\n\n\nngg_shortcode_0_placeholder\n","protected":false},"excerpt":{"rendered":"<p>!!!Term\u00edn kurzu je vyhla\u0161ov\u00e1n po p\u0159edb\u011b\u017en\u00e9m p\u0159ihl\u00e1\u0161en\u00ed minim\u00e1ln\u011b 4 \u00fa\u010dastn\u00edk\u016f.Po dosa\u017een\u00ed tohoto po\u010dtu budou v\u0161ichni p\u0159ihl\u00e1\u0161en\u00ed klienti neprodlen\u011b informov\u00e1ni o konkr\u00e9tn\u00edm term\u00ednu kon\u00e1n\u00ed a organiza\u010dn\u00edch detailech kurzu!!! Skupinov\u00e9 st\u0159eleck\u00e9 kurzy [&hellip;]<\/p>\n","protected":false},"author":1,"featured_media":0,"parent":0,"menu_order":0,"comment_status":"closed","ping_status":"closed","template":"","meta":{"ngg_post_thumbnail":0,"footnotes":""},"class_list":["post-147","page","type-page","status-publish","hentry"],"_links":{"self":[{"href":"https:\/\/www.cqcsolutions.cz\/index.php?rest_route=\/wp\/v2\/pages\/147","targetHints":{"allow":["GET"]}}],"collection":[{"href":"https:\/\/www.cqcsolutions.cz\/index.php?rest_route=\/wp\/v2\/pages"}],"about":[{"href":"https:\/\/www.cqcsolutions.cz\/index.php?rest_route=\/wp\/v2\/types\/page"}],"author":[{"embeddable":true,"href":"https:\/\/www.cqcsolutions.cz\/index.php?rest_route=\/wp\/v2\/users\/1"}],"replies":[{"embeddable":true,"href":"https:\/\/www.cqcsolutions.cz\/index.php?rest_route=%2Fwp%2Fv2%2Fcomments&post=147"}],"version-history":[{"count":14,"href":"https:\/\/www.cqcsolutions.cz\/index.php?rest_route=\/wp\/v2\/pages\/147\/revisions"}],"predecessor-version":[{"id":755,"href":"https:\/\/www.cqcsolutions.cz\/index.php?rest_route=\/wp\/v2\/pages\/147\/revisions\/755"}],"wp:attachment":[{"href":"https:\/\/www.cqcsolutions.cz\/index.php?rest_route=%2Fwp%2Fv2%2Fmedia&parent=147"}],"curies":[{"name":"wp","href":"https:\/\/api.w.org\/{rel}","templated":true}]}}