{"id":27,"date":"2025-04-03T18:35:30","date_gmt":"2025-04-03T16:35:30","guid":{"rendered":"https:\/\/www.cqcsolutions.cz\/?page_id=27"},"modified":"2025-05-06T07:36:36","modified_gmt":"2025-05-06T05:36:36","slug":"strelecke-kurzy","status":"publish","type":"page","link":"https:\/\/www.cqcsolutions.cz\/?page_id=27","title":{"rendered":"ST\u0158ELECK\u00c9 KURZY"},"content":{"rendered":"\n<div class=\"wp-block-columns is-layout-flex wp-container-core-columns-is-layout-9d6595d7 wp-block-columns-is-layout-flex\">\n<div class=\"wp-block-column is-layout-flow wp-block-column-is-layout-flow\" style=\"flex-basis:33.33%\">\n<figure class=\"wp-block-image size-medium is-resized is-style-default\"><img loading=\"lazy\" decoding=\"async\" width=\"225\" height=\"300\" src=\"https:\/\/www.cqcsolutions.cz\/wp-content\/uploads\/2025\/05\/IMG_20250215_094927_edit_161388363502455-225x300.jpg\" alt=\"\" class=\"wp-image-399\" style=\"aspect-ratio:1;object-fit:cover;width:220px\" srcset=\"https:\/\/www.cqcsolutions.cz\/wp-content\/uploads\/2025\/05\/IMG_20250215_094927_edit_161388363502455-225x300.jpg 225w, https:\/\/www.cqcsolutions.cz\/wp-content\/uploads\/2025\/05\/IMG_20250215_094927_edit_161388363502455-768x1024.jpg 768w, https:\/\/www.cqcsolutions.cz\/wp-content\/uploads\/2025\/05\/IMG_20250215_094927_edit_161388363502455-1152x1536.jpg 1152w, https:\/\/www.cqcsolutions.cz\/wp-content\/uploads\/2025\/05\/IMG_20250215_094927_edit_161388363502455-1536x2048.jpg 1536w, https:\/\/www.cqcsolutions.cz\/wp-content\/uploads\/2025\/05\/IMG_20250215_094927_edit_161388363502455-624x832.jpg 624w, https:\/\/www.cqcsolutions.cz\/wp-content\/uploads\/2025\/05\/IMG_20250215_094927_edit_161388363502455-scaled.jpg 1920w\" sizes=\"auto, (max-width: 225px) 100vw, 225px\" \/><figcaption class=\"wp-element-caption\">mde<\/figcaption><\/figure>\n<\/div>\n\n\n\n<div class=\"wp-block-column is-layout-flow wp-block-column-is-layout-flow\" style=\"flex-basis:66.66%\">\n<p>I<strong>NDIVIDU\u00c1LN\u00cd TR\u00c9NINK<\/strong><\/p>\n\n\n\n<p>Ka\u017ed\u00fd st\u0159elec m\u00e1 jin\u00e9 pot\u0159eby a c\u00edle. Tento <strong>individu\u00e1ln\u00ed st\u0159eleck\u00fd tr\u00e9nink<\/strong> je navr\u017een tak, aby odpov\u00eddal va\u0161im zku\u0161enostem a po\u017eadavk\u016fm \u2013 je ur\u010den pro za\u010d\u00e1te\u010dn\u00edky a m\u00edrn\u011b pokro\u010dil\u00e9 st\u0159elce, kte\u0159\u00ed si cht\u011bj\u00ed osv\u011b\u017eit techniku. V\u00edce <a href=\"https:\/\/www.cqcsolutions.cz\/?page_id=48\" data-type=\"link\" data-id=\"https:\/\/www.cqcsolutions.cz\/?page_id=48\">zde<\/a>.<\/p>\n<\/div>\n<\/div>\n\n\n\n<div class=\"wp-block-columns is-layout-flex wp-container-core-columns-is-layout-9d6595d7 wp-block-columns-is-layout-flex\">\n<div class=\"wp-block-column is-layout-flow wp-block-column-is-layout-flow\" style=\"flex-basis:33.33%\">\n<figure class=\"wp-block-image size-medium is-resized\"><img loading=\"lazy\" decoding=\"async\" width=\"169\" height=\"300\" src=\"https:\/\/www.cqcsolutions.cz\/wp-content\/uploads\/2025\/05\/IMG-20241012-WA0025-169x300.jpg\" alt=\"\" class=\"wp-image-372\" style=\"aspect-ratio:1;object-fit:cover;width:220px\" srcset=\"https:\/\/www.cqcsolutions.cz\/wp-content\/uploads\/2025\/05\/IMG-20241012-WA0025-169x300.jpg 169w, https:\/\/www.cqcsolutions.cz\/wp-content\/uploads\/2025\/05\/IMG-20241012-WA0025-576x1024.jpg 576w, https:\/\/www.cqcsolutions.cz\/wp-content\/uploads\/2025\/05\/IMG-20241012-WA0025-768x1365.jpg 768w, https:\/\/www.cqcsolutions.cz\/wp-content\/uploads\/2025\/05\/IMG-20241012-WA0025-864x1536.jpg 864w, https:\/\/www.cqcsolutions.cz\/wp-content\/uploads\/2025\/05\/IMG-20241012-WA0025-624x1109.jpg 624w, https:\/\/www.cqcsolutions.cz\/wp-content\/uploads\/2025\/05\/IMG-20241012-WA0025.jpg 1152w\" sizes=\"auto, (max-width: 169px) 100vw, 169px\" \/><\/figure>\n<\/div>\n\n\n\n<div class=\"wp-block-column is-layout-flow wp-block-column-is-layout-flow\" style=\"flex-basis:66.66%\">\n<p><strong>INDIVIDU\u00c1LN\u00cd DRIL<\/strong><\/p>\n\n\n\n<p>Tento <strong>intenzivn\u00ed 4hodinov\u00fd st\u0159eleck\u00fd dril<\/strong> je ur\u010den pro <strong>m\u00edrn\u011b pokro\u010dil\u00e9 a pokro\u010dil\u00e9 st\u0159elce<\/strong>, kte\u0159\u00ed cht\u011bj\u00ed zdokonalit sv\u00e9 schopnosti, zlep\u0161it efektivitu a z\u00edskat v\u011bt\u0161\u00ed jistotu p\u0159i manipulaci se zbran\u00ed. Tr\u00e9nink se p\u0159izp\u016fsobuje individu\u00e1ln\u00edm pot\u0159eb\u00e1m ka\u017ed\u00e9ho st\u0159elce, aby odpov\u00eddal jeho zku\u0161enostem a c\u00edl\u016fm. V\u00edce <a href=\"https:\/\/www.cqcsolutions.cz\/?page_id=52\" data-type=\"link\" data-id=\"https:\/\/www.cqcsolutions.cz\/?page_id=52\">zde<\/a>.<\/p>\n<\/div>\n<\/div>\n\n\n\n<div class=\"wp-block-columns is-layout-flex wp-container-core-columns-is-layout-9d6595d7 wp-block-columns-is-layout-flex\">\n<div class=\"wp-block-column is-layout-flow wp-block-column-is-layout-flow\" style=\"flex-basis:33.33%\">\n<figure class=\"wp-block-image size-full is-resized\"><img loading=\"lazy\" decoding=\"async\" width=\"2560\" height=\"1920\" src=\"https:\/\/www.cqcsolutions.cz\/wp-content\/uploads\/2025\/05\/IMG-20250427-WA0065-scaled.jpg\" alt=\"\" class=\"wp-image-385\" style=\"aspect-ratio:1;object-fit:cover;width:220px\" srcset=\"https:\/\/www.cqcsolutions.cz\/wp-content\/uploads\/2025\/05\/IMG-20250427-WA0065-scaled.jpg 2560w, https:\/\/www.cqcsolutions.cz\/wp-content\/uploads\/2025\/05\/IMG-20250427-WA0065-300x225.jpg 300w, https:\/\/www.cqcsolutions.cz\/wp-content\/uploads\/2025\/05\/IMG-20250427-WA0065-1024x768.jpg 1024w, https:\/\/www.cqcsolutions.cz\/wp-content\/uploads\/2025\/05\/IMG-20250427-WA0065-768x576.jpg 768w, https:\/\/www.cqcsolutions.cz\/wp-content\/uploads\/2025\/05\/IMG-20250427-WA0065-1536x1152.jpg 1536w, https:\/\/www.cqcsolutions.cz\/wp-content\/uploads\/2025\/05\/IMG-20250427-WA0065-2048x1536.jpg 2048w, https:\/\/www.cqcsolutions.cz\/wp-content\/uploads\/2025\/05\/IMG-20250427-WA0065-624x468.jpg 624w\" sizes=\"auto, (max-width: 2560px) 100vw, 2560px\" \/><\/figure>\n<\/div>\n\n\n\n<div class=\"wp-block-column is-layout-flow wp-block-column-is-layout-flow\" style=\"flex-basis:66.66%\">\n<p><strong>SKUPINOV\u00c9 ST\u0158ELECK\u00c9 KURZY \/ DRILY&nbsp;<\/strong><\/p>\n\n\n\n<p>Skupinov\u00e9 st\u0159eleck\u00e9 kurzy jsou ide\u00e1ln\u00ed pro <strong>za\u010d\u00e1te\u010dn\u00edky i pokro\u010dil\u00e9 st\u0159elce<\/strong>, kte\u0159\u00ed cht\u011bj\u00ed z\u00edskat jistotu v ovl\u00e1d\u00e1n\u00ed zbran\u011b, nau\u010dit se spr\u00e1vn\u00e9 techniky st\u0159elby a procvi\u010dit dynamick\u00e9 st\u0159eleck\u00e9 situace. V\u00edce<a href=\"https:\/\/www.cqcsolutions.cz\/?page_id=147\"> zde<\/a>.<\/p>\n<\/div>\n<\/div>\n\n\n\n<div class=\"wp-block-columns is-layout-flex wp-container-core-columns-is-layout-9d6595d7 wp-block-columns-is-layout-flex\">\n<div class=\"wp-block-column is-layout-flow wp-block-column-is-layout-flow\" style=\"flex-basis:33.33%\">\n<figure class=\"wp-block-image size-full is-resized\"><img loading=\"lazy\" decoding=\"async\" width=\"1920\" height=\"2560\" src=\"https:\/\/www.cqcsolutions.cz\/wp-content\/uploads\/2025\/05\/IMG_20250314_103527-scaled.jpg\" alt=\"\" class=\"wp-image-387\" style=\"aspect-ratio:1;object-fit:cover;width:220px\" srcset=\"https:\/\/www.cqcsolutions.cz\/wp-content\/uploads\/2025\/05\/IMG_20250314_103527-scaled.jpg 1920w, https:\/\/www.cqcsolutions.cz\/wp-content\/uploads\/2025\/05\/IMG_20250314_103527-225x300.jpg 225w, https:\/\/www.cqcsolutions.cz\/wp-content\/uploads\/2025\/05\/IMG_20250314_103527-768x1024.jpg 768w, https:\/\/www.cqcsolutions.cz\/wp-content\/uploads\/2025\/05\/IMG_20250314_103527-1152x1536.jpg 1152w, https:\/\/www.cqcsolutions.cz\/wp-content\/uploads\/2025\/05\/IMG_20250314_103527-1536x2048.jpg 1536w, https:\/\/www.cqcsolutions.cz\/wp-content\/uploads\/2025\/05\/IMG_20250314_103527-624x832.jpg 624w\" sizes=\"auto, (max-width: 1920px) 100vw, 1920px\" \/><\/figure>\n<\/div>\n\n\n\n<div class=\"wp-block-column is-layout-flow wp-block-column-is-layout-flow\" style=\"flex-basis:66.66%\">\n<p><strong>ZBROJN\u00cd PR\u016eKAZ<\/strong><\/p>\n\n\n\n<p>Tento <strong>kurz p\u0159\u00edpravy na zbrojn\u00ed pr\u016fkaz<\/strong> je navr\u017een tak, aby v\u00e1s komplexn\u011b p\u0159ipravil na \u00fasp\u011b\u0161n\u00e9 slo\u017een\u00ed zkou\u0161ky, kter\u00e1 je nezbytn\u00e1 pro z\u00edsk\u00e1n\u00ed zbrojn\u00edho pr\u016fkazu. Kurz pokr\u00fdv\u00e1 v\u0161echny pot\u0159ebn\u00e9 oblasti, v\u010detn\u011b teoretick\u00fdch znalost\u00ed a praktick\u00fdch dovednost\u00ed, kter\u00e9 mus\u00edte ovl\u00e1dat k tomu, abyste mohli bezpe\u010dn\u011b a zodpov\u011bdn\u011b manipulovat se zbran\u00ed. V\u00edce <a href=\"https:\/\/www.cqcsolutions.cz\/?page_id=56\" data-type=\"link\" data-id=\"https:\/\/www.cqcsolutions.cz\/?page_id=56\">zde<\/a>.<\/p>\n<\/div>\n<\/div>\n\n\n\n<div class=\"wp-block-columns is-layout-flex wp-container-core-columns-is-layout-9d6595d7 wp-block-columns-is-layout-flex\">\n<div class=\"wp-block-column is-layout-flow wp-block-column-is-layout-flow\" style=\"flex-basis:33.33%\">\n<figure class=\"wp-block-image size-full is-resized\"><img loading=\"lazy\" decoding=\"async\" width=\"2560\" height=\"1483\" src=\"https:\/\/www.cqcsolutions.cz\/wp-content\/uploads\/2025\/05\/IMG_20240929_151152-scaled.jpg\" alt=\"\" class=\"wp-image-389\" style=\"aspect-ratio:1;object-fit:cover;width:220px\" srcset=\"https:\/\/www.cqcsolutions.cz\/wp-content\/uploads\/2025\/05\/IMG_20240929_151152-scaled.jpg 2560w, https:\/\/www.cqcsolutions.cz\/wp-content\/uploads\/2025\/05\/IMG_20240929_151152-300x174.jpg 300w, https:\/\/www.cqcsolutions.cz\/wp-content\/uploads\/2025\/05\/IMG_20240929_151152-1024x593.jpg 1024w, https:\/\/www.cqcsolutions.cz\/wp-content\/uploads\/2025\/05\/IMG_20240929_151152-768x445.jpg 768w, https:\/\/www.cqcsolutions.cz\/wp-content\/uploads\/2025\/05\/IMG_20240929_151152-1536x890.jpg 1536w, https:\/\/www.cqcsolutions.cz\/wp-content\/uploads\/2025\/05\/IMG_20240929_151152-2048x1187.jpg 2048w, https:\/\/www.cqcsolutions.cz\/wp-content\/uploads\/2025\/05\/IMG_20240929_151152-624x362.jpg 624w\" sizes=\"auto, (max-width: 2560px) 100vw, 2560px\" \/><\/figure>\n<\/div>\n\n\n\n<div class=\"wp-block-column is-layout-flow wp-block-column-is-layout-flow\" style=\"flex-basis:66.66%\">\n<p><strong>Z\u00c1\u017dITKOV\u00c1 ST\u0158ELBA<\/strong><\/p>\n\n\n\n<p>Pokud hled\u00e1te unik\u00e1tn\u00ed z\u00e1\u017eitek, kter\u00fd kombinuje adrenalin a z\u00e1bavu, na\u0161e <strong>z\u00e1\u017eitkov\u00e1 st\u0159elba<\/strong> je ide\u00e1ln\u00ed volbou! Nab\u00edz\u00edme <strong>8 r\u016fzn\u00fdch bal\u00ed\u010dk\u016f<\/strong>, kter\u00e9 zahrnuj\u00ed \u0161irokou \u0161k\u00e1lu zbran\u00ed.&nbsp; U n\u00e1s si vybere ka\u017ed\u00fd, kdo chce za\u017e\u00edt vzru\u0161en\u00ed z c\u00edlen\u00e9 st\u0159elby v bezpe\u010dn\u00e9m a profesion\u00e1ln\u00edm prost\u0159ed\u00ed. V\u00edce <a href=\"https:\/\/www.cqcsolutions.cz\/?page_id=60\" data-type=\"link\" data-id=\"https:\/\/www.cqcsolutions.cz\/?page_id=60\">zde<\/a>.<\/p>\n<\/div>\n<\/div>\n","protected":false},"excerpt":{"rendered":"<p>INDIVIDU\u00c1LN\u00cd TR\u00c9NINK Ka\u017ed\u00fd st\u0159elec m\u00e1 jin\u00e9 pot\u0159eby a c\u00edle. Tento individu\u00e1ln\u00ed st\u0159eleck\u00fd tr\u00e9nink je navr\u017een tak, aby odpov\u00eddal va\u0161im zku\u0161enostem a po\u017eadavk\u016fm \u2013 je ur\u010den pro za\u010d\u00e1te\u010dn\u00edky a m\u00edrn\u011b pokro\u010dil\u00e9 [&hellip;]<\/p>\n","protected":false},"author":1,"featured_media":0,"parent":0,"menu_order":0,"comment_status":"closed","ping_status":"closed","template":"","meta":{"ngg_post_thumbnail":0,"footnotes":""},"class_list":["post-27","page","type-page","status-publish","hentry"],"_links":{"self":[{"href":"https:\/\/www.cqcsolutions.cz\/index.php?rest_route=\/wp\/v2\/pages\/27","targetHints":{"allow":["GET"]}}],"collection":[{"href":"https:\/\/www.cqcsolutions.cz\/index.php?rest_route=\/wp\/v2\/pages"}],"about":[{"href":"https:\/\/www.cqcsolutions.cz\/index.php?rest_route=\/wp\/v2\/types\/page"}],"author":[{"embeddable":true,"href":"https:\/\/www.cqcsolutions.cz\/index.php?rest_route=\/wp\/v2\/users\/1"}],"replies":[{"embeddable":true,"href":"https:\/\/www.cqcsolutions.cz\/index.php?rest_route=%2Fwp%2Fv2%2Fcomments&post=27"}],"version-history":[{"count":29,"href":"https:\/\/www.cqcsolutions.cz\/index.php?rest_route=\/wp\/v2\/pages\/27\/revisions"}],"predecessor-version":[{"id":400,"href":"https:\/\/www.cqcsolutions.cz\/index.php?rest_route=\/wp\/v2\/pages\/27\/revisions\/400"}],"wp:attachment":[{"href":"https:\/\/www.cqcsolutions.cz\/index.php?rest_route=%2Fwp%2Fv2%2Fmedia&parent=27"}],"curies":[{"name":"wp","href":"https:\/\/api.w.org\/{rel}","templated":true}]}}