{"id":29,"date":"2025-04-03T18:35:44","date_gmt":"2025-04-03T16:35:44","guid":{"rendered":"https:\/\/www.cqcsolutions.cz\/?page_id=29"},"modified":"2025-05-06T07:32:46","modified_gmt":"2025-05-06T05:32:46","slug":"takticke-kurzy","status":"publish","type":"page","link":"https:\/\/www.cqcsolutions.cz\/?page_id=29","title":{"rendered":"TAKTICK\u00c9 KURZY"},"content":{"rendered":"\n<div class=\"wp-block-columns is-layout-flex wp-container-core-columns-is-layout-9d6595d7 wp-block-columns-is-layout-flex\">\n<div class=\"wp-block-column is-layout-flow wp-block-column-is-layout-flow\" style=\"flex-basis:33.33%\">\n<figure class=\"wp-block-image size-full is-resized\"><img loading=\"lazy\" decoding=\"async\" width=\"1920\" height=\"2560\" src=\"https:\/\/www.cqcsolutions.cz\/wp-content\/uploads\/2025\/05\/1-1-scaled.jpg\" alt=\"\" class=\"wp-image-391\" style=\"aspect-ratio:1;object-fit:cover;width:220px\" srcset=\"https:\/\/www.cqcsolutions.cz\/wp-content\/uploads\/2025\/05\/1-1-scaled.jpg 1920w, https:\/\/www.cqcsolutions.cz\/wp-content\/uploads\/2025\/05\/1-1-225x300.jpg 225w, https:\/\/www.cqcsolutions.cz\/wp-content\/uploads\/2025\/05\/1-1-768x1024.jpg 768w, https:\/\/www.cqcsolutions.cz\/wp-content\/uploads\/2025\/05\/1-1-1152x1536.jpg 1152w, https:\/\/www.cqcsolutions.cz\/wp-content\/uploads\/2025\/05\/1-1-1536x2048.jpg 1536w, https:\/\/www.cqcsolutions.cz\/wp-content\/uploads\/2025\/05\/1-1-624x832.jpg 624w\" sizes=\"auto, (max-width: 1920px) 100vw, 1920px\" \/><\/figure>\n<\/div>\n\n\n\n<div class=\"wp-block-column is-layout-flow wp-block-column-is-layout-flow\" style=\"flex-basis:66.66%\">\n<p><strong>HOME DEFENSE<\/strong><\/p>\n\n\n\n<p>V krizov\u00e9 situaci nen\u00ed \u010das p\u0159em\u00fd\u0161let \u2013 mus\u00edte jednat. Kurz <strong>HOME DEFENSE<\/strong> v\u00e1s nau\u010d\u00ed, jak efektivn\u011b zabezpe\u010dit sv\u016fj domov a spr\u00e1vn\u011b reagovat p\u0159i n\u00e1siln\u00e9m vniknut\u00ed. Zam\u011b\u0159ujeme se na prevenci, sebeobranu,taktiku obrany i pr\u00e1vn\u00ed aspekty pou\u017eit\u00ed zbran\u011b v r\u00e1mci nutn\u00e9 obrany. V\u00edce <a href=\"https:\/\/www.cqcsolutions.cz\/?page_id=62\" data-type=\"link\" data-id=\"https:\/\/www.cqcsolutions.cz\/?page_id=62\">zde<\/a>.<\/p>\n<\/div>\n<\/div>\n\n\n\n<div class=\"wp-block-columns is-layout-flex wp-container-core-columns-is-layout-9d6595d7 wp-block-columns-is-layout-flex\">\n<div class=\"wp-block-column is-layout-flow wp-block-column-is-layout-flow\" style=\"flex-basis:33.33%\">\n<figure class=\"wp-block-image size-full is-resized\"><img loading=\"lazy\" decoding=\"async\" width=\"1702\" height=\"2560\" src=\"https:\/\/www.cqcsolutions.cz\/wp-content\/uploads\/2025\/05\/DSC_0130-scaled.jpg\" alt=\"\" class=\"wp-image-393\" style=\"aspect-ratio:1;object-fit:cover;width:220px\" srcset=\"https:\/\/www.cqcsolutions.cz\/wp-content\/uploads\/2025\/05\/DSC_0130-scaled.jpg 1702w, https:\/\/www.cqcsolutions.cz\/wp-content\/uploads\/2025\/05\/DSC_0130-199x300.jpg 199w, https:\/\/www.cqcsolutions.cz\/wp-content\/uploads\/2025\/05\/DSC_0130-681x1024.jpg 681w, https:\/\/www.cqcsolutions.cz\/wp-content\/uploads\/2025\/05\/DSC_0130-768x1155.jpg 768w, https:\/\/www.cqcsolutions.cz\/wp-content\/uploads\/2025\/05\/DSC_0130-1021x1536.jpg 1021w, https:\/\/www.cqcsolutions.cz\/wp-content\/uploads\/2025\/05\/DSC_0130-1362x2048.jpg 1362w, https:\/\/www.cqcsolutions.cz\/wp-content\/uploads\/2025\/05\/DSC_0130-624x938.jpg 624w\" sizes=\"auto, (max-width: 1702px) 100vw, 1702px\" \/><\/figure>\n<\/div>\n\n\n\n<div class=\"wp-block-column is-layout-flow wp-block-column-is-layout-flow\" style=\"flex-basis:66.66%\">\n<p><strong>ONE MAN CLEARING ROOM<\/strong><\/p>\n\n\n\n<p>Kurz <strong>One Man Clearing Room<\/strong> je intenzivn\u00ed v\u00fdcvik zam\u011b\u0159en\u00fd na boj v uzav\u0159en\u00fdch<br>prostorech (CQB) pro jednotlivce. Nau\u010d\u00edme V\u00e1s efektivn\u011b a bezpe\u010dn\u011b vstupovat do<br>m\u00edstnost\u00ed, ovl\u00e1dat prostor a eliminovat potenci\u00e1ln\u00ed hrozby, i kdy\u017e jste sami.<br>Kurz je ur\u010den pro civilisty, p\u0159\u00edslu\u0161n\u00edky bezpe\u010dnostn\u00edch slo\u017eek, aktivn\u00ed z\u00e1lohy,<br>stanoven\u00e9 z\u00e1lohy st\u00e1tu a nad\u0161ence, kte\u0159\u00ed cht\u011bj\u00ed z\u00edskat dovednosti v CQB. Jedn\u00e1 se o<br>z\u00e1kladn\u00ed dovednosti ka\u017ed\u00e9ho oper\u00e1tora. Kurz nep\u0159\u00edmo navazuje na kurz HOME<br>DEFENSE. V\u00edce <a href=\"https:\/\/www.cqcsolutions.cz\/?page_id=68\">zde<\/a>.<\/p>\n<\/div>\n<\/div>\n\n\n\n<div class=\"wp-block-columns is-layout-flex wp-container-core-columns-is-layout-9d6595d7 wp-block-columns-is-layout-flex\">\n<div class=\"wp-block-column is-layout-flow wp-block-column-is-layout-flow\" style=\"flex-basis:33.33%\">\n<figure class=\"wp-block-image size-full is-resized\"><img loading=\"lazy\" decoding=\"async\" width=\"1920\" height=\"2560\" src=\"https:\/\/www.cqcsolutions.cz\/wp-content\/uploads\/2025\/05\/2-scaled.jpg\" alt=\"\" class=\"wp-image-396\" style=\"aspect-ratio:1;object-fit:cover;width:220px\" srcset=\"https:\/\/www.cqcsolutions.cz\/wp-content\/uploads\/2025\/05\/2-scaled.jpg 1920w, https:\/\/www.cqcsolutions.cz\/wp-content\/uploads\/2025\/05\/2-225x300.jpg 225w, https:\/\/www.cqcsolutions.cz\/wp-content\/uploads\/2025\/05\/2-768x1024.jpg 768w, https:\/\/www.cqcsolutions.cz\/wp-content\/uploads\/2025\/05\/2-1152x1536.jpg 1152w, https:\/\/www.cqcsolutions.cz\/wp-content\/uploads\/2025\/05\/2-1536x2048.jpg 1536w, https:\/\/www.cqcsolutions.cz\/wp-content\/uploads\/2025\/05\/2-624x832.jpg 624w\" sizes=\"auto, (max-width: 1920px) 100vw, 1920px\" \/><\/figure>\n<\/div>\n\n\n\n<div class=\"wp-block-column is-layout-flow wp-block-column-is-layout-flow\" style=\"flex-basis:66.66%\">\n<p><strong>CQB<\/strong><\/p>\n\n\n\n<p><strong>!!!T\u00fdmov\u00e1 spolupr\u00e1ce v boji na bl\u00edzkou vzd\u00e1lenost (CQB)!!!<\/strong><br>Efektivn\u00ed pohyb v uzav\u0159en\u00fdch prostor\u00e1ch vy\u017eaduje dokonalou souhru, komunikaci a<br>precizn\u00ed taktiku. Tento kurz je zam\u011b\u0159en na v\u00fdcvik dvou\u010dlenn\u00fdch a \u010dty\u0159\u010dlenn\u00fdch<br>t\u00fdm\u016f p\u0159i bojov\u00fdch operac\u00edch v budov\u00e1ch, se zam\u011b\u0159en\u00edm na rychl\u00fd a bezpe\u010dn\u00fd<br>pr\u016fchod nezn\u00e1m\u00fdm prost\u0159ed\u00edm. V\u00edce <a href=\"https:\/\/www.cqcsolutions.cz\/?page_id=74\" data-type=\"link\" data-id=\"https:\/\/www.cqcsolutions.cz\/?page_id=74\">zde<\/a>.<\/p>\n<\/div>\n<\/div>\n","protected":false},"excerpt":{"rendered":"<p>HOME DEFENSE V krizov\u00e9 situaci nen\u00ed \u010das p\u0159em\u00fd\u0161let \u2013 mus\u00edte jednat. Kurz HOME DEFENSE v\u00e1s nau\u010d\u00ed, jak efektivn\u011b zabezpe\u010dit sv\u016fj domov a spr\u00e1vn\u011b reagovat p\u0159i n\u00e1siln\u00e9m vniknut\u00ed. Zam\u011b\u0159ujeme se na [&hellip;]<\/p>\n","protected":false},"author":1,"featured_media":0,"parent":0,"menu_order":0,"comment_status":"closed","ping_status":"closed","template":"","meta":{"ngg_post_thumbnail":0,"footnotes":""},"class_list":["post-29","page","type-page","status-publish","hentry"],"_links":{"self":[{"href":"https:\/\/www.cqcsolutions.cz\/index.php?rest_route=\/wp\/v2\/pages\/29","targetHints":{"allow":["GET"]}}],"collection":[{"href":"https:\/\/www.cqcsolutions.cz\/index.php?rest_route=\/wp\/v2\/pages"}],"about":[{"href":"https:\/\/www.cqcsolutions.cz\/index.php?rest_route=\/wp\/v2\/types\/page"}],"author":[{"embeddable":true,"href":"https:\/\/www.cqcsolutions.cz\/index.php?rest_route=\/wp\/v2\/users\/1"}],"replies":[{"embeddable":true,"href":"https:\/\/www.cqcsolutions.cz\/index.php?rest_route=%2Fwp%2Fv2%2Fcomments&post=29"}],"version-history":[{"count":5,"href":"https:\/\/www.cqcsolutions.cz\/index.php?rest_route=\/wp\/v2\/pages\/29\/revisions"}],"predecessor-version":[{"id":398,"href":"https:\/\/www.cqcsolutions.cz\/index.php?rest_route=\/wp\/v2\/pages\/29\/revisions\/398"}],"wp:attachment":[{"href":"https:\/\/www.cqcsolutions.cz\/index.php?rest_route=%2Fwp%2Fv2%2Fmedia&parent=29"}],"curies":[{"name":"wp","href":"https:\/\/api.w.org\/{rel}","templated":true}]}}