{"id":31,"date":"2025-04-03T18:35:55","date_gmt":"2025-04-03T16:35:55","guid":{"rendered":"https:\/\/www.cqcsolutions.cz\/?page_id=31"},"modified":"2026-01-01T20:21:09","modified_gmt":"2026-01-01T19:21:09","slug":"instituce","status":"publish","type":"page","link":"https:\/\/www.cqcsolutions.cz\/?page_id=31","title":{"rendered":"INSTITUCE"},"content":{"rendered":"\n<div class=\"wp-block-columns is-layout-flex wp-container-core-columns-is-layout-9d6595d7 wp-block-columns-is-layout-flex\">\n<div class=\"wp-block-column is-layout-flow wp-block-column-is-layout-flow\" style=\"flex-basis:33.33%\">\n<figure class=\"wp-block-image size-large is-resized\"><img loading=\"lazy\" decoding=\"async\" width=\"1024\" height=\"911\" src=\"https:\/\/www.cqcsolutions.cz\/wp-content\/uploads\/2026\/01\/556093899_1109927921347959_8893739331676922969_n-1024x911.jpg\" alt=\"\" class=\"wp-image-758\" style=\"aspect-ratio:1;object-fit:cover;width:220px\" srcset=\"https:\/\/www.cqcsolutions.cz\/wp-content\/uploads\/2026\/01\/556093899_1109927921347959_8893739331676922969_n-1024x911.jpg 1024w, https:\/\/www.cqcsolutions.cz\/wp-content\/uploads\/2026\/01\/556093899_1109927921347959_8893739331676922969_n-300x267.jpg 300w, https:\/\/www.cqcsolutions.cz\/wp-content\/uploads\/2026\/01\/556093899_1109927921347959_8893739331676922969_n-768x684.jpg 768w, https:\/\/www.cqcsolutions.cz\/wp-content\/uploads\/2026\/01\/556093899_1109927921347959_8893739331676922969_n-1536x1367.jpg 1536w, https:\/\/www.cqcsolutions.cz\/wp-content\/uploads\/2026\/01\/556093899_1109927921347959_8893739331676922969_n-624x555.jpg 624w, https:\/\/www.cqcsolutions.cz\/wp-content\/uploads\/2026\/01\/556093899_1109927921347959_8893739331676922969_n.jpg 2018w\" sizes=\"auto, (max-width: 1024px) 100vw, 1024px\" \/><\/figure>\n<\/div>\n\n\n\n<div class=\"wp-block-column is-layout-flow wp-block-column-is-layout-flow\" style=\"flex-basis:66.66%\">\n<p><strong>FIRMY<\/strong><\/p>\n\n\n\n<p><strong>!!! Bu\u010fte p\u0159ipraveni na krizov\u00e9 situace!!!<\/strong> Pracovn\u00ed prost\u0159ed\u00ed by m\u011blo b\u00fdt bezpe\u010dn\u00e9, ale realita m\u016f\u017ee p\u0159in\u00e9st situace, kdy je<br>nutn\u00e9 okam\u017eit\u011b reagovat. Na\u0161e kurzy pom\u00e1haj\u00ed zam\u011bstnanc\u016fm \u00fa\u0159ad\u016f a<br>kancel\u00e1\u0159sk\u00fdch firem zvl\u00e1dat krizov\u00e9 sc\u00e9n\u00e1\u0159e, a\u0165 u\u017e jde o agresivn\u00edho klienta,<br>aktivn\u00edho \u00fato\u010dn\u00edka nebo evakuaci p\u0159i ohro\u017een\u00ed V\u00edce <a href=\"https:\/\/www.cqcsolutions.cz\/?page_id=78\" data-type=\"link\" data-id=\"https:\/\/www.cqcsolutions.cz\/?page_id=78\">zde<\/a>.<\/p>\n<\/div>\n<\/div>\n\n\n\n<div class=\"wp-block-columns is-layout-flex wp-container-core-columns-is-layout-9d6595d7 wp-block-columns-is-layout-flex\">\n<div class=\"wp-block-column is-layout-flow wp-block-column-is-layout-flow\" style=\"flex-basis:33.33%\">\n<figure class=\"wp-block-image size-full is-resized\"><img loading=\"lazy\" decoding=\"async\" width=\"2560\" height=\"1702\" src=\"https:\/\/www.cqcsolutions.cz\/wp-content\/uploads\/2025\/05\/DSC_0087-scaled.jpg\" alt=\"\" class=\"wp-image-403\" style=\"aspect-ratio:1;object-fit:cover;width:220px\" srcset=\"https:\/\/www.cqcsolutions.cz\/wp-content\/uploads\/2025\/05\/DSC_0087-scaled.jpg 2560w, https:\/\/www.cqcsolutions.cz\/wp-content\/uploads\/2025\/05\/DSC_0087-300x199.jpg 300w, https:\/\/www.cqcsolutions.cz\/wp-content\/uploads\/2025\/05\/DSC_0087-1024x681.jpg 1024w, https:\/\/www.cqcsolutions.cz\/wp-content\/uploads\/2025\/05\/DSC_0087-768x511.jpg 768w, https:\/\/www.cqcsolutions.cz\/wp-content\/uploads\/2025\/05\/DSC_0087-1536x1021.jpg 1536w, https:\/\/www.cqcsolutions.cz\/wp-content\/uploads\/2025\/05\/DSC_0087-2048x1362.jpg 2048w, https:\/\/www.cqcsolutions.cz\/wp-content\/uploads\/2025\/05\/DSC_0087-624x415.jpg 624w\" sizes=\"auto, (max-width: 2560px) 100vw, 2560px\" \/><\/figure>\n<\/div>\n\n\n\n<div class=\"wp-block-column is-layout-flow wp-block-column-is-layout-flow\" style=\"flex-basis:66.66%\">\n<p><strong>\u0160KOLY<\/strong><\/p>\n\n\n\n<p><strong>!!! V\u011bd\u011bt, jak reagovat, znamen\u00e1 p\u0159e\u017e\u00edt!!!<\/strong> V dne\u0161n\u00ed dob\u011b je d\u016fle\u017eit\u00e9 b\u00fdt p\u0159ipraven na krizov\u00e9 situace, v\u010detn\u011b hrozby aktivn\u00edho<br>\u00fato\u010dn\u00edka. Tento kurz je speci\u00e1ln\u011b navr\u017een pro \u0161koly, aby u\u010ditele a zam\u011bstnance \u0161koly<br>nau\u010dil, jak se v takov\u00fdch situac\u00edch chovat, chr\u00e1nit sebe i ostatn\u00ed a efektivn\u011b reagovat<br>podle osv\u011bd\u010den\u00fdch postup\u016f. V\u00edce <a href=\"https:\/\/www.cqcsolutions.cz\/?page_id=90\" data-type=\"link\" data-id=\"https:\/\/www.cqcsolutions.cz\/?page_id=90\">zde<\/a>.<\/p>\n<\/div>\n<\/div>\n\n\n\n<div class=\"wp-block-columns is-layout-flex wp-container-core-columns-is-layout-9d6595d7 wp-block-columns-is-layout-flex\">\n<div class=\"wp-block-column is-layout-flow wp-block-column-is-layout-flow\" style=\"flex-basis:33.33%\">\n<figure class=\"wp-block-image size-full is-resized\"><img loading=\"lazy\" decoding=\"async\" width=\"1928\" height=\"2560\" src=\"https:\/\/www.cqcsolutions.cz\/wp-content\/uploads\/2025\/05\/IMG_20241206_123009-scaled.jpg\" alt=\"\" class=\"wp-image-405\" style=\"aspect-ratio:1;object-fit:cover;width:220px\" srcset=\"https:\/\/www.cqcsolutions.cz\/wp-content\/uploads\/2025\/05\/IMG_20241206_123009-scaled.jpg 1928w, https:\/\/www.cqcsolutions.cz\/wp-content\/uploads\/2025\/05\/IMG_20241206_123009-226x300.jpg 226w, https:\/\/www.cqcsolutions.cz\/wp-content\/uploads\/2025\/05\/IMG_20241206_123009-771x1024.jpg 771w, https:\/\/www.cqcsolutions.cz\/wp-content\/uploads\/2025\/05\/IMG_20241206_123009-768x1020.jpg 768w, https:\/\/www.cqcsolutions.cz\/wp-content\/uploads\/2025\/05\/IMG_20241206_123009-1157x1536.jpg 1157w, https:\/\/www.cqcsolutions.cz\/wp-content\/uploads\/2025\/05\/IMG_20241206_123009-1542x2048.jpg 1542w, https:\/\/www.cqcsolutions.cz\/wp-content\/uploads\/2025\/05\/IMG_20241206_123009-624x829.jpg 624w\" sizes=\"auto, (max-width: 1928px) 100vw, 1928px\" \/><\/figure>\n<\/div>\n\n\n\n<div class=\"wp-block-column is-layout-flow wp-block-column-is-layout-flow\" style=\"flex-basis:66.66%\">\n<p><strong>M\u011aSTSK\u00c1 POLICIE<\/strong><\/p>\n\n\n\n<p><strong>!!! Profesn\u00ed rozvoj v krizov\u00fdch situac\u00edch !!!<\/strong> Kurzy jsou speci\u00e1ln\u011b navr\u017eeny pro p\u0159\u00edslu\u0161n\u00edky m\u011bstsk\u00e9 policie a zam\u011b\u0159uj\u00ed se na<br>kl\u00ed\u010dov\u00e9 oblasti profesn\u00edho v\u00fdcviku. C\u00edlem je zv\u00fd\u0161it p\u0159ipravenost na krizov\u00e9 situace,<br>zdokonalit st\u0159eleck\u00e9 a taktick\u00e9 dovednosti a rozv\u00edjet \u00fa\u010dinnou profesn\u00ed sebeobranu. V\u00edce <a href=\"https:\/\/www.cqcsolutions.cz\/?page_id=94\" data-type=\"link\" data-id=\"https:\/\/www.cqcsolutions.cz\/?page_id=94\">zde<\/a>.<\/p>\n<\/div>\n<\/div>\n","protected":false},"excerpt":{"rendered":"<p>FIRMY !!! Bu\u010fte p\u0159ipraveni na krizov\u00e9 situace!!! Pracovn\u00ed prost\u0159ed\u00ed by m\u011blo b\u00fdt bezpe\u010dn\u00e9, ale realita m\u016f\u017ee p\u0159in\u00e9st situace, kdy jenutn\u00e9 okam\u017eit\u011b reagovat. Na\u0161e kurzy pom\u00e1haj\u00ed zam\u011bstnanc\u016fm \u00fa\u0159ad\u016f akancel\u00e1\u0159sk\u00fdch firem zvl\u00e1dat [&hellip;]<\/p>\n","protected":false},"author":1,"featured_media":0,"parent":0,"menu_order":0,"comment_status":"closed","ping_status":"closed","template":"","meta":{"ngg_post_thumbnail":0,"footnotes":""},"class_list":["post-31","page","type-page","status-publish","hentry"],"_links":{"self":[{"href":"https:\/\/www.cqcsolutions.cz\/index.php?rest_route=\/wp\/v2\/pages\/31","targetHints":{"allow":["GET"]}}],"collection":[{"href":"https:\/\/www.cqcsolutions.cz\/index.php?rest_route=\/wp\/v2\/pages"}],"about":[{"href":"https:\/\/www.cqcsolutions.cz\/index.php?rest_route=\/wp\/v2\/types\/page"}],"author":[{"embeddable":true,"href":"https:\/\/www.cqcsolutions.cz\/index.php?rest_route=\/wp\/v2\/users\/1"}],"replies":[{"embeddable":true,"href":"https:\/\/www.cqcsolutions.cz\/index.php?rest_route=%2Fwp%2Fv2%2Fcomments&post=31"}],"version-history":[{"count":8,"href":"https:\/\/www.cqcsolutions.cz\/index.php?rest_route=\/wp\/v2\/pages\/31\/revisions"}],"predecessor-version":[{"id":761,"href":"https:\/\/www.cqcsolutions.cz\/index.php?rest_route=\/wp\/v2\/pages\/31\/revisions\/761"}],"wp:attachment":[{"href":"https:\/\/www.cqcsolutions.cz\/index.php?rest_route=%2Fwp%2Fv2%2Fmedia&parent=31"}],"curies":[{"name":"wp","href":"https:\/\/api.w.org\/{rel}","templated":true}]}}