{"id":33,"date":"2025-04-03T18:36:07","date_gmt":"2025-04-03T16:36:07","guid":{"rendered":"https:\/\/www.cqcsolutions.cz\/?page_id=33"},"modified":"2026-03-31T09:30:43","modified_gmt":"2026-03-31T07:30:43","slug":"kontakt","status":"publish","type":"page","link":"https:\/\/www.cqcsolutions.cz\/?page_id=33","title":{"rendered":"KONTAKT"},"content":{"rendered":"\n<p><strong>Bc. Radek Viktorin &#8211; <\/strong>CQC Solutions s.r.o.<\/p>\n\n\n\n<p>Zakladatel a instruktor spole\u010dnosti.<\/p>\n\n\n\n<p>Email: <a href=\"mailto:info@cqcsolutions.cz\">info@cqcsolutions.cz<\/a><\/p>\n\n\n\n<p>Mobil: +420602764271<\/p>\n\n\n\n<p>Uzk\u00e1 194, 69155, Moravsk\u00e1 Nov\u00e1 Ves<\/p>\n\n\n\n<p>I\u010cO: 24344443<\/p>\n\n\n\n<p>Zaps\u00e1na v OR odd\u00edl C, vlo\u017eka 149463 KS v Brn\u011b<\/p>\n\n\n\n<p>Bankovn\u00ed spojen\u00ed: 131-3718350257\/0100 \u2013 veden\u00fd u Komer\u010dn\u00ed Banky<\/p>\n\n\n\n<p>\u201ePro spr\u00e1vn\u00e9 p\u0159i\u0159azen\u00ed platby uve\u010fte do pozn\u00e1mky pro p\u0159\u00edjemce n\u00e1zev konkr\u00e9tn\u00edho kurzu \/ n\u00e1zev d\u00e1rkov\u00e9ho poukazu.\u201c<\/p>\n\n\n\n<p><strong>Bc. Radek Viktorin<\/strong> &#8211; <strong>Hlavn\u00ed instruktor<\/strong><\/p>\n\n\n\n<ul class=\"wp-block-list\">\n<li>B\u00fdval\u00fd instruktor Policie \u010cR (specializace taktika a st\u0159eleck\u00e1 p\u0159\u00edprava)<\/li>\n\n\n\n<li>Instruktor prvosledov\u00fdch hl\u00eddek<\/li>\n\n\n\n<li>\u00da\u010dastn\u00edk re\u00e1ln\u00fdch z\u00e1krok\u016f proti vrah\u016fm, n\u00e1siln\u00edk\u016fm, vyd\u011bra\u010d\u016fm, dealer\u016fm drog i hledan\u00fdm osob\u00e1m<\/li>\n\n\n\n<li>Spolupr\u00e1ce na z\u00e1saz\u00edch s m\u00edstn\u00edmi, krajsk\u00fdmi i celorepublikov\u00fdmi \u00fatvary<\/li>\n\n\n\n<li>V\u00fdcvik s elitn\u00edmi jednotkami<\/li>\n\n\n\n<li>Absolvent v\u00fdcvik\u016f z&nbsp;instruktory (SWAT, CTSFO, Delta Force, speci\u00e1ln\u00ed jednotky Mexika a Jihoafrick\u00e9 republiky)<\/li>\n\n\n\n<li>Expert na taktiku CQB, st\u0159elbu a sebeobranu.<\/li>\n\n\n\n<li>Absolvent mnoha slu\u017eebn\u00edch i civiln\u00edch kurz\u016f<\/li>\n\n\n\n<li>Specializa\u010dn\u00ed kurz: St\u0159eleck\u00e1 p\u0159\u00edprava \u2013 brokov\u00e9 zbran\u011b, z\u00e1sahov\u00e9 v\u00fdbu\u0161ky, gran\u00e1tomet  <\/li>\n\n\n\n<li>Instruktor profesn\u00ed i civiln\u00ed sebeobrany II. t\u0159\u00eddy<\/li>\n\n\n\n<li>4. DAN JU JUTSU<\/li>\n<\/ul>\n\n\n\n<p><strong>Spolupracuj\u00edc\u00ed Instrukto\u0159i<\/strong><\/p>\n\n\n\n<p><strong>Ing. Igor Antal &#8211; sebeobrana<\/strong><\/p>\n\n\n\n<ul class=\"wp-block-list\">\n<li>1. DAN JIU JITSU<\/li>\n\n\n\n<li>Tren\u00e9r 2. t\u0159\u00eddy<\/li>\n\n\n\n<li>10. let n\u011bmeck\u00e9 \u0161koly boje s no\u017eem<\/li>\n\n\n\n<li>7. let FISFO<\/li>\n\n\n\n<li>P\u0159\u00edslu\u0161n\u00edk A\u010cR<\/li>\n<\/ul>\n\n\n\n<p><strong>Mgr. Ji\u0159\u00ed \u010dtvrtn\u00ed\u010dek &#8211; v\u00fdcvik m\u011bstsk\u00e9 policie, aktivn\u00ed \u00fato\u010dn\u00edk, taktick\u00e9 kurzy<\/strong><\/p>\n\n\n\n<p><strong>Ing. at Ing. Jaroslav Fiedor &#8211; st\u0159eleck\u00e9 kurzy, prvn\u00ed pomoc, aktivn\u00ed \u00fato\u010dn\u00edk<\/strong><\/p>\n\n\n\n<ul class=\"wp-block-list\">\n<li>21 let v A\u010cR<\/li>\n\n\n\n<li>5 zahrani\u010dn\u00edch mis\u00ed<\/li>\n\n\n\n<li>Zakladatel spole\u010dnosti GESTAC Protection&nbsp;s.r.o.<\/li>\n\n\n\n<li>Spoluzakladatel a p\u0159\u00edslu\u0161n\u00edk leteck\u00e9ho od\u0159adu speci\u00e1ln\u00edch operac\u00ed A\u010cR<\/li>\n\n\n\n<li>Jako jeden z m\u00e1la \u010cech\u016f \u00fasp\u011b\u0161n\u011b absolvoval&nbsp;v\u00fdcvik instruktora p\u0159e\u017eit\u00ed v pou\u0161tn\u00edch podm\u00ednk\u00e1ch pod veden\u00edm britsk\u00fdch SAS a Commandos v Nevadsk\u00e9 pou\u0161ti, v\u00fdcvik v p\u0159e\u017eit\u00ed v m\u011bstsk\u00e9 z\u00e1stavb\u011b NATO URBAN S.E.R.E. Training a v\u00fdcvik NATO S.E.R.E. Training level C. Je absolventem zdravotnick\u00e9ho kurzu organizace NAEMT TCCC &#8211; Combat Lifesaver a Special Operations Air Task Unit Advanced Mission Course pod veden\u00edm instruktor\u016f z legend\u00e1rn\u00ed jednotky 160th Special Operations Aviation Regiment.<\/li>\n\n\n\n<li>U leteck\u00e9 jednotky pro podporu speci\u00e1ln\u00edch operac\u00ed SOATU p\u016fsobil na pozici inspektora &#8211; instruktora v\u00fdcviku palubn\u00edch st\u0159elc\u016f a velitele skupiny.&nbsp;<\/li>\n\n\n\n<li>B\u011bhem sv\u00e9 kari\u00e9ry absolvoval mnoho zahrani\u010dn\u00edch cvi\u010den\u00ed jednotek speci\u00e1ln\u00edch sil<\/li>\n\n\n\n<li>V sou\u010dasn\u00e9 dob\u011b pokra\u010duje ve v\u00fdcviku palubn\u00edch st\u0159elc\u016f na vrtuln\u00edc\u00edch v komer\u010dn\u00ed sf\u00e9\u0159e, jako poradce se pod\u00edl\u00ed na protiteroristick\u00fdch operac\u00edch ve st\u0159edn\u00ed Africe, v\u011bnuje se edukaci pedagogick\u00e9ho sboru \u0161kol a st\u00e1tn\u00edch zam\u011bstnanc\u016f v oblasti bezpe\u010dnosti, vede kurzy p\u0159e\u017eit\u00ed, topografie a bezodkladn\u00e9 p\u0159edl\u00e9ka\u0159sk\u00e9 p\u00e9\u010de na boji\u0161ti i v civiln\u00edm prost\u0159ed\u00ed.<\/li>\n<\/ul>\n\n\n\n<p><strong>Dan Gajda &#8211; p\u0159\u00edprava na zbrojn\u00ed pr\u016fkaz, st\u0159eleck\u00e9 kurzy<\/strong>, <strong>v\u00fdcvik m\u011bstsk\u00e9 policie<\/strong><\/p>\n\n\n\n<ul class=\"wp-block-list\">\n<li>\u00da\u010dastn\u00edk zahrani\u010dn\u00edch mis\u00ed<\/li>\n\n\n\n<li>\u00da\u010dastn\u00edk zahrani\u010dn\u00edch kurz\u016f Anglie, N\u011bmecko<\/li>\n\n\n\n<li>Absolvent Vojensk\u00e9 akademie Vy\u0161kov<\/li>\n\n\n\n<li>P\u0159\u00edslu\u0161n\u00edk P\u010cR<\/li>\n<\/ul>\n\n\n\n<p><strong>Bc. Blanka Mar\u00e1kov\u00e1 &#8211; prvn\u00ed pomoc<\/strong><\/p>\n\n\n\n<ul class=\"wp-block-list\">\n<li>Vystudovala zdravotn\u00edck\u00e9 z\u00e1chran\u00e1\u0159stv\u00ed<\/li>\n\n\n\n<li>Zdravotnick\u00fd z\u00e1chran\u00e1\u0159 od roku 2023<\/li>\n\n\n\n<li>pokra\u010duje ve studiu v oboru zdravotnictv\u00ed a krizov\u00fd managment<\/li>\n\n\n\n<li><strong>Absolventka kurz\u016f:<\/strong><\/li>\n\n\n\n<li>Extr\u00e9mn\u00ed medic\u00edna v horsk\u00e9m prost\u0159ed\u00ed<\/li>\n\n\n\n<li>Pot\u00e1p\u011bn\u00ed<\/li>\n\n\n\n<li>Tejpov\u00e1n\u00ed<\/li>\n\n\n\n<li>Z\u00e1chrana osob na hor\u00e1ch<\/li>\n\n\n\n<li>Vodn\u00ed zachrana<\/li>\n\n\n\n<li><strong>Vedouc\u00ed mlad\u00fdch hasi\u010d\u016f<\/strong><\/li>\n<\/ul>\n\n\n\n<p><strong>Ing. Milan Nejezchleba &#8211; sebeobrana<\/strong><\/p>\n\n\n\n<ul class=\"wp-block-list\">\n<li>3. DAN JIU JITSU<\/li>\n\n\n\n<li>Tren\u00e9r 2. t\u0159\u00eddy<\/li>\n\n\n\n<li>1.kyu BJJ<\/li>\n<\/ul>\n\n\n\n<p><strong>Ing. Libor V\u00edtek &#8211; St\u0159eleck\u00e9 kurzy<\/strong><\/p>\n\n\n\n<ul class=\"wp-block-list\">\n<li>B\u00fdval\u00fd instruktor slu\u017eebn\u00ed p\u0159\u00edpravy Policie \u010cR (specializace st\u0159eleck\u00e1 p\u0159\u00edprava)<\/li>\n\n\n\n<li>Absolvent Univerzity obrany Brno, 1999 &#8211; 2002 Vojensk\u00e1 akademie Brno<\/li>\n\n\n\n<li>Vynikaj\u00edc\u00ed st\u0159elec a odborn\u00edk na st\u0159eln\u00e9 zbran\u011b<\/li>\n\n\n\n<li>Absolvent mnoha slu\u017eebn\u00edch i civiln\u00edch kurz\u016f<\/li>\n\n\n\n<li>Akademie Aegis &#8211; Modern\u00ed trendy a metodika st\u0159elecko-taktick\u00e9 p\u0159\u00edpravy jako sou\u010d\u00e1st slu\u017eebn\u00ed p\u0159\u00edpravy ozbrojen\u00fdch slo\u017eek.<\/li>\n\n\n\n<li>Kurz pro pou\u017eit\u00ed z\u00e1sahov\u00fdch v\u00fdbu\u0161ek.<\/li>\n\n\n\n<li>Instruktorsk\u00fd kurz pro teleskopick\u00fd obu\u0161ek, specializace ozbrojen\u00e9 slo\u017eky.<\/li>\n\n\n\n<li>Specializa\u010dn\u00ed kurz: St\u0159eleck\u00e1 p\u0159\u00edprava \u2013 brokov\u00e9 zbran\u011b.<\/li>\n\n\n\n<li>\u00dasp\u011b\u0161n\u00fd z\u00e1vodn\u00edk IPSC<\/li>\n<\/ul>\n\n\n\n<p>a dal\u0161\u00ed &#8230; V\u0160EM MOC D\u011aKUJEME<\/p>\n","protected":false},"excerpt":{"rendered":"<p>Bc. Radek Viktorin &#8211; CQC Solutions s.r.o. Zakladatel a instruktor spole\u010dnosti. Email: info@cqcsolutions.cz Mobil: +420602764271 Uzk\u00e1 194, 69155, Moravsk\u00e1 Nov\u00e1 Ves I\u010cO: 24344443 Zaps\u00e1na v OR odd\u00edl C, vlo\u017eka 149463 [&hellip;]<\/p>\n","protected":false},"author":1,"featured_media":0,"parent":0,"menu_order":0,"comment_status":"closed","ping_status":"closed","template":"","meta":{"ngg_post_thumbnail":0,"footnotes":""},"class_list":["post-33","page","type-page","status-publish","hentry"],"_links":{"self":[{"href":"https:\/\/www.cqcsolutions.cz\/index.php?rest_route=\/wp\/v2\/pages\/33","targetHints":{"allow":["GET"]}}],"collection":[{"href":"https:\/\/www.cqcsolutions.cz\/index.php?rest_route=\/wp\/v2\/pages"}],"about":[{"href":"https:\/\/www.cqcsolutions.cz\/index.php?rest_route=\/wp\/v2\/types\/page"}],"author":[{"embeddable":true,"href":"https:\/\/www.cqcsolutions.cz\/index.php?rest_route=\/wp\/v2\/users\/1"}],"replies":[{"embeddable":true,"href":"https:\/\/www.cqcsolutions.cz\/index.php?rest_route=%2Fwp%2Fv2%2Fcomments&post=33"}],"version-history":[{"count":34,"href":"https:\/\/www.cqcsolutions.cz\/index.php?rest_route=\/wp\/v2\/pages\/33\/revisions"}],"predecessor-version":[{"id":875,"href":"https:\/\/www.cqcsolutions.cz\/index.php?rest_route=\/wp\/v2\/pages\/33\/revisions\/875"}],"wp:attachment":[{"href":"https:\/\/www.cqcsolutions.cz\/index.php?rest_route=%2Fwp%2Fv2%2Fmedia&parent=33"}],"curies":[{"name":"wp","href":"https:\/\/api.w.org\/{rel}","templated":true}]}}