{"id":48,"date":"2025-04-25T16:22:44","date_gmt":"2025-04-25T14:22:44","guid":{"rendered":"https:\/\/www.cqcsolutions.cz\/?page_id=48"},"modified":"2025-12-26T09:24:10","modified_gmt":"2025-12-26T08:24:10","slug":"individualni-trenink","status":"publish","type":"page","link":"https:\/\/www.cqcsolutions.cz\/?page_id=48","title":{"rendered":"INDIVIDU\u00c1LN\u00cd TR\u00c9NINK"},"content":{"rendered":"\n<p>!!!<strong>Zlep\u0161ete sv\u00e9 st\u0159eleck\u00e9 dovednosti \u2013 individu\u00e1ln\u00ed p\u0159\u00edstup pro ka\u017ed\u00e9ho!<\/strong>!!<\/p>\n\n\n\n<p>Ka\u017ed\u00fd st\u0159elec m\u00e1 jin\u00e9 pot\u0159eby a c\u00edle. Tento <strong>individu\u00e1ln\u00ed st\u0159eleck\u00fd tr\u00e9nink<\/strong> je navr\u017een tak, aby odpov\u00eddal va\u0161im zku\u0161enostem a po\u017eadavk\u016fm \u2013 je ur\u010den pro za\u010d\u00e1te\u010dn\u00edky a m\u00edrn\u011b pokro\u010dil\u00e9 st\u0159elce, kte\u0159\u00ed si cht\u011bj\u00ed osv\u011b\u017eit techniku.<\/p>\n\n\n\n<p><strong>Co v\u00e1s \u010dek\u00e1?<\/strong><\/p>\n\n\n\n<p>Bezpe\u010dn\u00e1 manipulace se zbran\u00ed \u2013 spr\u00e1vn\u00e9 n\u00e1vyky, prevence chyb.<br>Dr\u017een\u00ed, m\u00ed\u0159en\u00ed a spou\u0161t\u011bn\u00ed \u2013 z\u00e1klady pro p\u0159esnou a efektivn\u00ed st\u0159elbu.<br>Spr\u00e1vn\u00e1 pr\u00e1ce se spou\u0161t\u00ed a d\u00fdch\u00e1n\u00edm \u2013 kl\u00ed\u010d k p\u0159esn\u00fdm z\u00e1sah\u016fm.<br><br><strong>Jak tr\u00e9nink prob\u00edh\u00e1?<\/strong><\/p>\n\n\n\n<p>Individu\u00e1ln\u00ed p\u0159\u00edstup \u2013 obsah a tempo v\u00fduky se p\u0159izp\u016fsobuje va\u0161im pot\u0159eb\u00e1m.<br>Teoretick\u00e1 \u010d\u00e1st \u2013 pochopen\u00ed z\u00e1klad\u016f a spr\u00e1vn\u00fdch n\u00e1vyk\u016f.<br>Praktick\u00e1 st\u0159elba<br>Anal\u00fdza a zp\u011btn\u00e1 vazba \u2013 odhalen\u00ed chyb a jejich okam\u017eit\u00e1 n\u00e1prava.<\/p>\n\n\n\n<p><strong>Pro koho je kurz ur\u010den?<\/strong><\/p>\n\n\n\n<p>Za\u010d\u00ednaj\u00edc\u00ed st\u0159elce \u2013 kte\u0159\u00ed cht\u011bj\u00ed z\u00edskat jistotu v manipulaci se zbran\u00ed.<br>Dr\u017eitele zbrojn\u00edho pr\u016fkazu \u2013 kte\u0159\u00ed cht\u011bj\u00ed zdokonalit svou techniku.<br>Ka\u017ed\u00e9ho, kdo si chce zopakovat a zdokonalit st\u0159eleck\u00e9 dovednosti.<\/p>\n\n\n\n<p>\ud83d\udcc5 <strong>Term\u00edny a m\u00edsto kon\u00e1n\u00ed<\/strong> \u2013 DLE TELEFONICK\u00c9 DOMLUVY (tr\u00e9nink prob\u00edh\u00e1 na st\u0159elnici)<\/p>\n\n\n\n<p>\ud83d\udce9 <strong>Objedn\u00e1vky a dotazy:<\/strong> <a href=\"mailto:info@cqcsolutions.cz\"><strong>info@cqcsolutions.cz<\/strong><\/a><\/p>\n\n\n\n<p><strong>CENA: dle m\u00edsta kon\u00e1n\u00ed od 1500\/hodina<\/strong><\/p>\n\n\n\n<p><strong>Maxim\u00e1ln\u00ed d\u00e9lka kurzu: 2 hodiny<\/strong><\/p>\n\n\n\n<p>Jedn\u00e1 se o z\u00e1kladn\u00ed kurz.<\/p>\n\n\n\n<p><strong>Co pot\u0159ebujete k \u00fa\u010dasti?<\/strong><\/p>\n\n\n\n<ul class=\"wp-block-list\">\n<li>Zaregistrov\u00e1n\u00ed<\/li>\n\n\n\n<li>Platn\u00fd ob\u010dansk\u00fd pr\u016fkaz<\/li>\n\n\n\n<li>Psac\u00ed pot\u0159eby<\/li>\n\n\n\n<li>Sva\u010dinu<\/li>\n\n\n\n<li>Vlastn\u00ed zbra\u0148<\/li>\n\n\n\n<li>Vlastn\u00ed v\u00fdstroj a v\u00fdzbroj<\/li>\n\n\n\n<li>Vlastn\u00ed st\u0159elivo<\/li>\n<\/ul>\n\n\n\n<p><strong>Spr\u00e1vn\u00e1 technika, jistota a p\u0159esnost \u2013 tr\u00e9nujte pod dohledem profesion\u00e1la!<\/strong><\/p>\n\n\n\n<p><strong>V\u0161e co u\u010d\u00edme je ov\u011b\u0159eno mnohaletou prax\u00ed. <\/strong><\/p>\n\n\n\n<p><strong>Fotografie z kurzu<\/strong><\/p>\n\n\n\nngg_shortcode_0_placeholder\n","protected":false},"excerpt":{"rendered":"<p>!!!Zlep\u0161ete sv\u00e9 st\u0159eleck\u00e9 dovednosti \u2013 individu\u00e1ln\u00ed p\u0159\u00edstup pro ka\u017ed\u00e9ho!!! Ka\u017ed\u00fd st\u0159elec m\u00e1 jin\u00e9 pot\u0159eby a c\u00edle. Tento individu\u00e1ln\u00ed st\u0159eleck\u00fd tr\u00e9nink je navr\u017een tak, aby odpov\u00eddal va\u0161im zku\u0161enostem a po\u017eadavk\u016fm \u2013 [&hellip;]<\/p>\n","protected":false},"author":1,"featured_media":0,"parent":0,"menu_order":0,"comment_status":"closed","ping_status":"closed","template":"","meta":{"ngg_post_thumbnail":0,"footnotes":""},"class_list":["post-48","page","type-page","status-publish","hentry"],"_links":{"self":[{"href":"https:\/\/www.cqcsolutions.cz\/index.php?rest_route=\/wp\/v2\/pages\/48","targetHints":{"allow":["GET"]}}],"collection":[{"href":"https:\/\/www.cqcsolutions.cz\/index.php?rest_route=\/wp\/v2\/pages"}],"about":[{"href":"https:\/\/www.cqcsolutions.cz\/index.php?rest_route=\/wp\/v2\/types\/page"}],"author":[{"embeddable":true,"href":"https:\/\/www.cqcsolutions.cz\/index.php?rest_route=\/wp\/v2\/users\/1"}],"replies":[{"embeddable":true,"href":"https:\/\/www.cqcsolutions.cz\/index.php?rest_route=%2Fwp%2Fv2%2Fcomments&post=48"}],"version-history":[{"count":8,"href":"https:\/\/www.cqcsolutions.cz\/index.php?rest_route=\/wp\/v2\/pages\/48\/revisions"}],"predecessor-version":[{"id":721,"href":"https:\/\/www.cqcsolutions.cz\/index.php?rest_route=\/wp\/v2\/pages\/48\/revisions\/721"}],"wp:attachment":[{"href":"https:\/\/www.cqcsolutions.cz\/index.php?rest_route=%2Fwp%2Fv2%2Fmedia&parent=48"}],"curies":[{"name":"wp","href":"https:\/\/api.w.org\/{rel}","templated":true}]}}