{"id":52,"date":"2025-04-25T16:24:21","date_gmt":"2025-04-25T14:24:21","guid":{"rendered":"https:\/\/www.cqcsolutions.cz\/?page_id=52"},"modified":"2025-12-26T09:24:39","modified_gmt":"2025-12-26T08:24:39","slug":"individualni-dril","status":"publish","type":"page","link":"https:\/\/www.cqcsolutions.cz\/?page_id=52","title":{"rendered":"INDIVIDU\u00c1LN\u00cd DRIL"},"content":{"rendered":"\n<p>!!!<strong>Posu\u0148te sv\u00e9 st\u0159eleck\u00e9 dovednosti na vy\u0161\u0161\u00ed \u00farove\u0148!<\/strong>!!<\/p>\n\n\n\n<p>Tento <strong>intenzivn\u00ed 4hodinov\u00fd st\u0159eleck\u00fd dril<\/strong> je ur\u010den pro <strong>m\u00edrn\u011b pokro\u010dil\u00e9 a pokro\u010dil\u00e9 st\u0159elce<\/strong>, kte\u0159\u00ed cht\u011bj\u00ed zdokonalit sv\u00e9 schopnosti, zlep\u0161it efektivitu a z\u00edskat v\u011bt\u0161\u00ed jistotu p\u0159i manipulaci se zbran\u00ed. Tr\u00e9nink se p\u0159izp\u016fsobuje individu\u00e1ln\u00edm pot\u0159eb\u00e1m ka\u017ed\u00e9ho st\u0159elce, aby odpov\u00eddal jeho zku\u0161enostem a c\u00edl\u016fm.<\/p>\n\n\n\n<p><strong>Co v\u00e1s \u010dek\u00e1?<\/strong><\/p>\n\n\n\n<p>Rychl\u00e1 a efektivn\u00ed manipulace se zbran\u00ed \u2013 pr\u00e1ce se spou\u0161t\u00ed, p\u0159eb\u00edjen\u00ed, tasen\u00ed.<br>P\u0159esn\u00e1 st\u0159elba pod tlakem \u2013 kombinace rychlosti a p\u0159esnosti.<br>Dynamick\u00e1 st\u0159elba \u2013 st\u0159elba za pohybu, zm\u011bna pozic, pr\u00e1ce s krytem.<br>V\u00edcen\u00e1sobn\u00e9 c\u00edle a zm\u011bna priorit \u2013 rychl\u00e1 rozhodov\u00e1n\u00ed v re\u00e1ln\u00e9m \u010dase.<br>St\u0159elba jednou rukou \u2013 dominantn\u00ed i nedominantn\u00ed ruka.<br>Taktick\u00e1 st\u0159elba podle individu\u00e1ln\u00edch pot\u0159eb \u2013 obrann\u00e1 st\u0159elba, p\u0159echod mezi zbran\u011bmi, st\u0159elba v omezen\u00e9m prostoru&#8230;<\/p>\n\n\n\n<p><strong>Jak tr\u00e9nink prob\u00edh\u00e1?<\/strong><\/p>\n\n\n\n<p>Individu\u00e1ln\u00ed p\u0159\u00edstup \u2013 v\u00fdcvik p\u0159izp\u016fsoben\u00fd va\u0161im zku\u0161enostem a c\u00edl\u016fm.<br>Praktick\u00e1 st\u0159elba \u2013 intenzivn\u00ed n\u00e1cvik re\u00e1ln\u00fdch st\u0159eleck\u00fdch situac\u00ed.<br>Zp\u011btn\u00e1 vazba a korekce chyb \u2013 okam\u017eit\u00e1 anal\u00fdza pro efektivn\u00ed zlep\u0161en\u00ed.<br><br><\/p>\n\n\n\n<p><strong>Pro koho je kurz ur\u010den?<\/strong><\/p>\n\n\n\n<p>M\u00edrn\u011b pokro\u010dil\u00e9 st\u0159elce \u2013 kte\u0159\u00ed cht\u011bj\u00ed roz\u0161\u00ed\u0159it sv\u00e9 schopnosti a zv\u00fd\u0161it efektivitu.<br>Pokro\u010dil\u00e9 st\u0159elce \u2013 kte\u0159\u00ed se cht\u011bj\u00ed specializovat na dynamickou a taktickou st\u0159elbu.<br>Dr\u017eitele zbrojn\u00edho pr\u016fkazu<br>Profesion\u00e1ly a \u010dleny ozbrojen\u00fdch slo\u017eek \u2013 kte\u0159\u00ed cht\u011bj\u00ed udr\u017eet a vylep\u0161it svou \u00farove\u0148.<\/p>\n\n\n\n<p>\ud83d\udcc5 <strong>D\u00e9lka: 4 hodiny<\/strong><br>\ud83d\udccd <strong>M\u00edsto a term\u00edn kon\u00e1n\u00ed:<\/strong> DLE TELEFONICK\u00c9 DOMLUVY (tr\u00e9nink prob\u00edh\u00e1 na st\u0159elnici)<\/p>\n\n\n\n<p>\ud83d\udccd <strong>T\u00e9ma:<\/strong> dle dohody<br>\ud83d\udce9 <strong>Objedn\u00e1vky a dotazy:<\/strong> <a href=\"mailto:info@cqcsolutions.cz\"><strong>info@cqcsolutions.cz<\/strong><\/a><\/p>\n\n\n\n<p><strong>CENA: <strong>dle m\u00edsta kon\u00e1n\u00ed od <\/strong>4500 K\u010d<\/strong><\/p>\n\n\n\n<ul class=\"wp-block-list\">\n<li>Zaregistrov\u00e1n\u00ed<\/li>\n\n\n\n<li>Platn\u00fd ob\u010dansk\u00fd pr\u016fkaz<\/li>\n\n\n\n<li>Psac\u00ed pot\u0159eby<\/li>\n\n\n\n<li>Sva\u010dinu<\/li>\n\n\n\n<li>Vlastn\u00ed zbra\u0148, st\u0159elivo<\/li>\n\n\n\n<li>Vlastn\u00ed v\u00fdstroj a v\u00fdzbroj<\/li>\n<\/ul>\n\n\n\n<p><strong>Z\u00edskejte jistotu, p\u0159esnost a rychlost \u2013 tr\u00e9nink d\u011bl\u00e1 mistra!<\/strong> \ud83d\udd2b\ud83c\udfaf<\/p>\n\n\n\n<p><strong>V\u0161e co u\u010d\u00edme je ov\u011b\u0159eno mnohaletou prax\u00ed. <\/strong><\/p>\n\n\n\n<p><strong>Fotografie z kurzu<\/strong><\/p>\n\n\n\nngg_shortcode_0_placeholder\n","protected":false},"excerpt":{"rendered":"<p>!!!Posu\u0148te sv\u00e9 st\u0159eleck\u00e9 dovednosti na vy\u0161\u0161\u00ed \u00farove\u0148!!! Tento intenzivn\u00ed 4hodinov\u00fd st\u0159eleck\u00fd dril je ur\u010den pro m\u00edrn\u011b pokro\u010dil\u00e9 a pokro\u010dil\u00e9 st\u0159elce, kte\u0159\u00ed cht\u011bj\u00ed zdokonalit sv\u00e9 schopnosti, zlep\u0161it efektivitu a z\u00edskat v\u011bt\u0161\u00ed [&hellip;]<\/p>\n","protected":false},"author":1,"featured_media":0,"parent":0,"menu_order":0,"comment_status":"closed","ping_status":"closed","template":"","meta":{"ngg_post_thumbnail":0,"footnotes":""},"class_list":["post-52","page","type-page","status-publish","hentry"],"_links":{"self":[{"href":"https:\/\/www.cqcsolutions.cz\/index.php?rest_route=\/wp\/v2\/pages\/52","targetHints":{"allow":["GET"]}}],"collection":[{"href":"https:\/\/www.cqcsolutions.cz\/index.php?rest_route=\/wp\/v2\/pages"}],"about":[{"href":"https:\/\/www.cqcsolutions.cz\/index.php?rest_route=\/wp\/v2\/types\/page"}],"author":[{"embeddable":true,"href":"https:\/\/www.cqcsolutions.cz\/index.php?rest_route=\/wp\/v2\/users\/1"}],"replies":[{"embeddable":true,"href":"https:\/\/www.cqcsolutions.cz\/index.php?rest_route=%2Fwp%2Fv2%2Fcomments&post=52"}],"version-history":[{"count":4,"href":"https:\/\/www.cqcsolutions.cz\/index.php?rest_route=\/wp\/v2\/pages\/52\/revisions"}],"predecessor-version":[{"id":722,"href":"https:\/\/www.cqcsolutions.cz\/index.php?rest_route=\/wp\/v2\/pages\/52\/revisions\/722"}],"wp:attachment":[{"href":"https:\/\/www.cqcsolutions.cz\/index.php?rest_route=%2Fwp%2Fv2%2Fmedia&parent=52"}],"curies":[{"name":"wp","href":"https:\/\/api.w.org\/{rel}","templated":true}]}}