{"id":56,"date":"2025-04-25T16:30:50","date_gmt":"2025-04-25T14:30:50","guid":{"rendered":"https:\/\/www.cqcsolutions.cz\/?page_id=56"},"modified":"2026-01-23T19:45:43","modified_gmt":"2026-01-23T18:45:43","slug":"zbrojni-prukaz","status":"publish","type":"page","link":"https:\/\/www.cqcsolutions.cz\/?page_id=56","title":{"rendered":"ZBROJN\u00cd OPR\u00c1VN\u011aN\u00cd"},"content":{"rendered":"\n<p><strong>!!!KURZ JE UR\u010cEN PRO JEDNOTLIVCE!!!<\/strong> \/ Dle domluvy pro skupinu<\/p>\n\n\n\n<p>!!!<strong>P\u0159ipravte se na z\u00edsk\u00e1n\u00ed zbrojn\u00edho opr\u00e1vn\u011bn\u00ed \u2013 profesion\u00e1ln\u00ed p\u0159\u00edprava pro v\u0161echny uchaze\u010de!<\/strong>!!<\/p>\n\n\n\n<p>Tento <strong>kurz p\u0159\u00edpravy k z\u00edsk\u00e1n\u00ed zbrojn\u00edho <\/strong>opr\u00e1vn\u011bn\u00ed je navr\u017een tak, aby v\u00e1s komplexn\u011b p\u0159ipravil na \u00fasp\u011b\u0161n\u00e9 slo\u017een\u00ed zkou\u0161ky, kter\u00e1 je nezbytn\u00e1 pro z\u00edsk\u00e1n\u00ed zbrojn\u00edho opr\u00e1vn\u011bn\u00ed. Kurz pokr\u00fdv\u00e1 v\u0161echny pot\u0159ebn\u00e9 oblasti, v\u010detn\u011b teoretick\u00fdch znalost\u00ed a praktick\u00fdch dovednost\u00ed, kter\u00e9 mus\u00edte ovl\u00e1dat k tomu, abyste mohli bezpe\u010dn\u011b a zodpov\u011bdn\u011b manipulovat se zbran\u00ed.<\/p>\n\n\n\n<p><strong>Co v\u00e1s v&nbsp;kurzu \u010dek\u00e1?<\/strong><\/p>\n\n\n\n<p>Teoretick\u00e1 \u010d\u00e1st<\/p>\n\n\n\n<p>Bezpe\u010dnostn\u00ed pravidla \u2013 spr\u00e1vn\u00e1 manipulace se zbran\u00ed, prevence nehod.<\/p>\n\n\n\n<p>Typy zbran\u00ed a munice \u2013 rozd\u00edly mezi jednotliv\u00fdmi druhy, jejich pou\u017eit\u00ed.<\/p>\n\n\n\n<p><strong>Praktick\u00e1 \u010d\u00e1st<\/strong><\/p>\n\n\n\n<p>Manipulace se zbran\u00ed<\/p>\n\n\n\n<p>St\u0159elba na ter\u010d \u2013 technika st\u0159elby, zac\u00edlen\u00ed, spr\u00e1vn\u00e9 dr\u017een\u00ed zbran\u011b<\/p>\n\n\n\n<p><strong>Pro koho je kurz ur\u010den?<\/strong><\/p>\n\n\n\n<p>Pro z\u00e1jemce, kte\u0159\u00ed se cht\u011bj\u00ed p\u0159ipravit na zkou\u0161ku odborn\u00e9 zp\u016fsobilosti<\/p>\n\n\n\n<p><strong>Jak kurz prob\u00edh\u00e1?<\/strong><\/p>\n\n\n\n<p>Teoretick\u00e1 v\u00fduka \u2013 instrukt\u00e1\u017e, teorie<br>Praktick\u00e9 n\u00e1cviky \u2013 cvi\u010den\u00ed st\u0159elby na ter\u010d, manipulace se zbran\u00ed.<\/p>\n\n\n\n<p><strong>D\u00e1le nab\u00edz\u00edme:<\/strong><\/p>\n\n\n\n<p>Skupinov\u00e9 kurzy <strong>DLE TELEFONICK\u00c9 DOMLUVY<\/strong> (tr\u00e9nink prob\u00edh\u00e1 na st\u0159elnici)<\/p>\n\n\n\n<p>!!!Hromadn\u00fd term\u00edn kurzu je vyhla\u0161ov\u00e1n po p\u0159edb\u011b\u017en\u00e9m p\u0159ihl\u00e1\u0161en\u00ed minim\u00e1ln\u011b 4 \u00fa\u010dastn\u00edk\u016f.<br>Po dosa\u017een\u00ed tohoto po\u010dtu budou v\u0161ichni p\u0159ihl\u00e1\u0161en\u00ed klienti neprodlen\u011b informov\u00e1ni o konkr\u00e9tn\u00edm term\u00ednu kon\u00e1n\u00ed a organiza\u010dn\u00edch detailech kurzu!!!<\/p>\n\n\n\n<p>Individu\u00e1ln\u00ed do\u0161kolovac\u00ed kurzy p\u0159\u00edpravy na zbrojn\u00ed pr\u016fkaz \u2013 krat\u0161\u00ed cca 1 hodina.<\/p>\n\n\n\n<p>\ud83d\udccd <strong>M\u00edsto kon\u00e1n\u00ed:<\/strong> <\/p>\n\n\n\n<p>N\u00e1dra\u017en\u00ed 675, 691 44 Lednice na Morav\u011b<\/p>\n\n\n\n<p><strong>D\u00e9lka: cca 4 hodiny<\/strong><br><strong>term\u00edn kon\u00e1n\u00ed:<\/strong>&nbsp;DLE TELEFONICK\u00c9 DOMLUVY (tr\u00e9nink prob\u00edh\u00e1 na st\u0159elnici)<\/p>\n\n\n\n<p><strong>Objedn\u00e1vky a dotazy:<\/strong>&nbsp;<a href=\"mailto:info@cqcsolutions.cz\"><strong>info@cqcsolutions.cz<\/strong><\/a><\/p>\n\n\n\n<p><strong>CENA:&nbsp;5200 K\u010d<\/strong> ( v cen\u011b kurzu je pron\u00e1jem st\u0159elnice, p\u016fj\u010den\u00ed zbran\u00ed, st\u0159elivo, ochrana zraku a sluchu)<\/p>\n\n\n\n<ul class=\"wp-block-list\">\n<li>Zaregistrov\u00e1n\u00ed<\/li>\n\n\n\n<li>Platn\u00fd ob\u010dansk\u00fd pr\u016fkaz<\/li>\n\n\n\n<li>Psac\u00ed pot\u0159eby<\/li>\n\n\n\n<li>Sva\u010dinu<\/li>\n<\/ul>\n\n\n\n<p><\/p>\n\n\n\n<p><strong>Za\u010dn\u011bte svou cestu k bezpe\u010dn\u00e9mu a odpov\u011bdn\u00e9mu dr\u017een\u00ed zbran\u011b!<\/strong> \ud83d\udd2b\ud83d\udcda<\/p>\n\n\n\n<p><strong>Tr\u00e9nujte pod dohledem profesion\u00e1la!<\/strong><\/p>\n\n\n\n<p><strong>Fotografie z kurzu<\/strong><\/p>\n\n\n\nngg_shortcode_0_placeholder\n","protected":false},"excerpt":{"rendered":"<p>!!!KURZ JE UR\u010cEN PRO JEDNOTLIVCE!!! \/ Dle domluvy pro skupinu !!!P\u0159ipravte se na z\u00edsk\u00e1n\u00ed zbrojn\u00edho opr\u00e1vn\u011bn\u00ed \u2013 profesion\u00e1ln\u00ed p\u0159\u00edprava pro v\u0161echny uchaze\u010de!!! Tento kurz p\u0159\u00edpravy k z\u00edsk\u00e1n\u00ed zbrojn\u00edho opr\u00e1vn\u011bn\u00ed je [&hellip;]<\/p>\n","protected":false},"author":1,"featured_media":0,"parent":0,"menu_order":0,"comment_status":"closed","ping_status":"closed","template":"","meta":{"ngg_post_thumbnail":0,"footnotes":""},"class_list":["post-56","page","type-page","status-publish","hentry"],"_links":{"self":[{"href":"https:\/\/www.cqcsolutions.cz\/index.php?rest_route=\/wp\/v2\/pages\/56","targetHints":{"allow":["GET"]}}],"collection":[{"href":"https:\/\/www.cqcsolutions.cz\/index.php?rest_route=\/wp\/v2\/pages"}],"about":[{"href":"https:\/\/www.cqcsolutions.cz\/index.php?rest_route=\/wp\/v2\/types\/page"}],"author":[{"embeddable":true,"href":"https:\/\/www.cqcsolutions.cz\/index.php?rest_route=\/wp\/v2\/users\/1"}],"replies":[{"embeddable":true,"href":"https:\/\/www.cqcsolutions.cz\/index.php?rest_route=%2Fwp%2Fv2%2Fcomments&post=56"}],"version-history":[{"count":27,"href":"https:\/\/www.cqcsolutions.cz\/index.php?rest_route=\/wp\/v2\/pages\/56\/revisions"}],"predecessor-version":[{"id":785,"href":"https:\/\/www.cqcsolutions.cz\/index.php?rest_route=\/wp\/v2\/pages\/56\/revisions\/785"}],"wp:attachment":[{"href":"https:\/\/www.cqcsolutions.cz\/index.php?rest_route=%2Fwp%2Fv2%2Fmedia&parent=56"}],"curies":[{"name":"wp","href":"https:\/\/api.w.org\/{rel}","templated":true}]}}