{"id":60,"date":"2025-04-25T16:33:10","date_gmt":"2025-04-25T14:33:10","guid":{"rendered":"https:\/\/www.cqcsolutions.cz\/?page_id=60"},"modified":"2025-12-26T09:58:01","modified_gmt":"2025-12-26T08:58:01","slug":"zazitkova-strelba","status":"publish","type":"page","link":"https:\/\/www.cqcsolutions.cz\/?page_id=60","title":{"rendered":"Z\u00c1\u017dITKOV\u00c1 ST\u0158ELBA"},"content":{"rendered":"\n<p><strong>Z\u00c1\u017dITKOV\u00c1 ST\u0158ELBA \u2013 Vyberte si z 5 r\u016fzn\u00fdch bal\u00ed\u010dk\u016f!<\/strong><\/p>\n\n\n\n<p><strong>!!!Za\u017eijte adrenalin a nau\u010dte se st\u0159\u00edlet jako profesion\u00e1l!<\/strong>!!<\/p>\n\n\n\n<p>Pokud hled\u00e1te unik\u00e1tn\u00ed z\u00e1\u017eitek, kter\u00fd kombinuje adrenalin a z\u00e1bavu, na\u0161e <strong>z\u00e1\u017eitkov\u00e1 st\u0159elba<\/strong> je ide\u00e1ln\u00ed volbou! Nab\u00edz\u00edme <strong>6 r\u016fzn\u00fdch bal\u00ed\u010dk\u016f<\/strong>, kter\u00e9 zahrnuj\u00ed \u0161irokou \u0161k\u00e1lu zbran\u00ed.&nbsp; U n\u00e1s si vybere ka\u017ed\u00fd, kdo chce za\u017e\u00edt vzru\u0161en\u00ed z c\u00edlen\u00e9 st\u0159elby v bezpe\u010dn\u00e9m a profesion\u00e1ln\u00edm prost\u0159ed\u00ed.<\/p>\n\n\n\n<p><strong>Co nab\u00edz\u00edme?<\/strong><\/p>\n\n\n\n<p>6 bal\u00ed\u010dk\u016f na m\u00edru \u2013 vyberte si bal\u00ed\u010dek podle sv\u00e9ho<\/p>\n\n\n\n<p>R\u016fzn\u00e9 zbran\u011b \u2013 pistole, pu\u0161ky, brokovnice, malor\u00e1\u017eky<\/p>\n\n\n\n<p>Bezpe\u010dn\u00e9 a profesion\u00e1ln\u00ed prost\u0159ed\u00ed \u2013 odborn\u00ed instrukto\u0159i, kte\u0159\u00ed se o v\u00e1s postaraj\u00ed.<\/p>\n\n\n\n<p><strong>Nab\u00eddka bal\u00ed\u010dk\u016f:<\/strong><\/p>\n\n\n\n<p>\u00daVODN\u00cd:<\/p>\n\n\n\n<figure class=\"wp-block-image size-medium is-resized\"><img loading=\"lazy\" decoding=\"async\" width=\"300\" height=\"213\" src=\"https:\/\/www.cqcsolutions.cz\/wp-content\/uploads\/2025\/04\/uvodni-300x213.png\" alt=\"\" class=\"wp-image-129\" style=\"width:220px\" srcset=\"https:\/\/www.cqcsolutions.cz\/wp-content\/uploads\/2025\/04\/uvodni-300x213.png 300w, https:\/\/www.cqcsolutions.cz\/wp-content\/uploads\/2025\/04\/uvodni-1024x726.png 1024w, https:\/\/www.cqcsolutions.cz\/wp-content\/uploads\/2025\/04\/uvodni-768x545.png 768w, https:\/\/www.cqcsolutions.cz\/wp-content\/uploads\/2025\/04\/uvodni-1536x1090.png 1536w, https:\/\/www.cqcsolutions.cz\/wp-content\/uploads\/2025\/04\/uvodni-624x443.png 624w, https:\/\/www.cqcsolutions.cz\/wp-content\/uploads\/2025\/04\/uvodni.png 1748w\" sizes=\"auto, (max-width: 300px) 100vw, 300px\" \/><\/figure>\n\n\n\n<p>KR\u00c1TK\u00c9:<\/p>\n\n\n\n<figure class=\"wp-block-image size-medium is-resized\"><img loading=\"lazy\" decoding=\"async\" width=\"300\" height=\"213\" src=\"https:\/\/www.cqcsolutions.cz\/wp-content\/uploads\/2025\/04\/pistole-kratke-300x213.png\" alt=\"\" class=\"wp-image-130\" style=\"width:220px\" srcset=\"https:\/\/www.cqcsolutions.cz\/wp-content\/uploads\/2025\/04\/pistole-kratke-300x213.png 300w, https:\/\/www.cqcsolutions.cz\/wp-content\/uploads\/2025\/04\/pistole-kratke-1024x726.png 1024w, https:\/\/www.cqcsolutions.cz\/wp-content\/uploads\/2025\/04\/pistole-kratke-768x545.png 768w, https:\/\/www.cqcsolutions.cz\/wp-content\/uploads\/2025\/04\/pistole-kratke-1536x1090.png 1536w, https:\/\/www.cqcsolutions.cz\/wp-content\/uploads\/2025\/04\/pistole-kratke-624x443.png 624w, https:\/\/www.cqcsolutions.cz\/wp-content\/uploads\/2025\/04\/pistole-kratke.png 1748w\" sizes=\"auto, (max-width: 300px) 100vw, 300px\" \/><\/figure>\n\n\n\n<p>DLOUH\u00c9:<\/p>\n\n\n\n<figure class=\"wp-block-image size-medium is-resized\"><img loading=\"lazy\" decoding=\"async\" width=\"300\" height=\"213\" src=\"https:\/\/www.cqcsolutions.cz\/wp-content\/uploads\/2025\/04\/dlohe-300x213.png\" alt=\"\" class=\"wp-image-131\" style=\"width:220px\" srcset=\"https:\/\/www.cqcsolutions.cz\/wp-content\/uploads\/2025\/04\/dlohe-300x213.png 300w, https:\/\/www.cqcsolutions.cz\/wp-content\/uploads\/2025\/04\/dlohe-1024x726.png 1024w, https:\/\/www.cqcsolutions.cz\/wp-content\/uploads\/2025\/04\/dlohe-768x545.png 768w, https:\/\/www.cqcsolutions.cz\/wp-content\/uploads\/2025\/04\/dlohe-1536x1090.png 1536w, https:\/\/www.cqcsolutions.cz\/wp-content\/uploads\/2025\/04\/dlohe-624x443.png 624w, https:\/\/www.cqcsolutions.cz\/wp-content\/uploads\/2025\/04\/dlohe.png 1748w\" sizes=\"auto, (max-width: 300px) 100vw, 300px\" \/><\/figure>\n\n\n\n<p>KOMPLETN\u00cd:<\/p>\n\n\n\n<figure class=\"wp-block-image size-medium is-resized\"><img loading=\"lazy\" decoding=\"async\" width=\"300\" height=\"213\" src=\"https:\/\/www.cqcsolutions.cz\/wp-content\/uploads\/2025\/04\/kompletni-300x213.png\" alt=\"\" class=\"wp-image-132\" style=\"width:220px\" srcset=\"https:\/\/www.cqcsolutions.cz\/wp-content\/uploads\/2025\/04\/kompletni-300x213.png 300w, https:\/\/www.cqcsolutions.cz\/wp-content\/uploads\/2025\/04\/kompletni-1024x726.png 1024w, https:\/\/www.cqcsolutions.cz\/wp-content\/uploads\/2025\/04\/kompletni-768x545.png 768w, https:\/\/www.cqcsolutions.cz\/wp-content\/uploads\/2025\/04\/kompletni-1536x1090.png 1536w, https:\/\/www.cqcsolutions.cz\/wp-content\/uploads\/2025\/04\/kompletni-624x443.png 624w, https:\/\/www.cqcsolutions.cz\/wp-content\/uploads\/2025\/04\/kompletni.png 1748w\" sizes=\"auto, (max-width: 300px) 100vw, 300px\" \/><\/figure>\n\n\n\n<p>MALOR\u00c1\u017dKA:<\/p>\n\n\n\n<figure class=\"wp-block-image size-medium is-resized\"><img loading=\"lazy\" decoding=\"async\" width=\"300\" height=\"213\" src=\"https:\/\/www.cqcsolutions.cz\/wp-content\/uploads\/2025\/04\/malorazka-300x213.png\" alt=\"\" class=\"wp-image-133\" style=\"width:220px\" srcset=\"https:\/\/www.cqcsolutions.cz\/wp-content\/uploads\/2025\/04\/malorazka-300x213.png 300w, https:\/\/www.cqcsolutions.cz\/wp-content\/uploads\/2025\/04\/malorazka-1024x726.png 1024w, https:\/\/www.cqcsolutions.cz\/wp-content\/uploads\/2025\/04\/malorazka-768x545.png 768w, https:\/\/www.cqcsolutions.cz\/wp-content\/uploads\/2025\/04\/malorazka-1536x1090.png 1536w, https:\/\/www.cqcsolutions.cz\/wp-content\/uploads\/2025\/04\/malorazka-624x443.png 624w, https:\/\/www.cqcsolutions.cz\/wp-content\/uploads\/2025\/04\/malorazka.png 1748w\" sizes=\"auto, (max-width: 300px) 100vw, 300px\" \/><\/figure>\n\n\n\n<p>PCC (pistol caliber carbine):<\/p>\n\n\n\n<figure class=\"wp-block-image size-large is-resized\"><img loading=\"lazy\" decoding=\"async\" width=\"1024\" height=\"726\" src=\"https:\/\/www.cqcsolutions.cz\/wp-content\/uploads\/2025\/10\/PCC-1-1024x726.png\" alt=\"\" class=\"wp-image-678\" style=\"width:222px;height:auto\" srcset=\"https:\/\/www.cqcsolutions.cz\/wp-content\/uploads\/2025\/10\/PCC-1-1024x726.png 1024w, https:\/\/www.cqcsolutions.cz\/wp-content\/uploads\/2025\/10\/PCC-1-300x213.png 300w, https:\/\/www.cqcsolutions.cz\/wp-content\/uploads\/2025\/10\/PCC-1-768x545.png 768w, https:\/\/www.cqcsolutions.cz\/wp-content\/uploads\/2025\/10\/PCC-1-1536x1090.png 1536w, https:\/\/www.cqcsolutions.cz\/wp-content\/uploads\/2025\/10\/PCC-1-624x443.png 624w, https:\/\/www.cqcsolutions.cz\/wp-content\/uploads\/2025\/10\/PCC-1.png 1748w\" sizes=\"auto, (max-width: 1024px) 100vw, 1024px\" \/><\/figure>\n\n\n\n<p><strong>Co v\u00e1s \u010dek\u00e1?<\/strong><\/p>\n\n\n\n<p>Bezpe\u010dn\u00e9 a profesion\u00e1ln\u00ed prost\u0159ed\u00ed \u2013 certifikovan\u00ed instrukto\u0159i, kte\u0159\u00ed v\u00e1m uk\u00e1\u017eou spr\u00e1vnou techniku a bezpe\u010dn\u00e9 postupy.<br>Adrenalin a z\u00e1bava \u2013 z\u00e1\u017eitkov\u00e1 st\u0159elba, kterou si u\u017eijete<br>Individu\u00e1ln\u00ed p\u0159\u00edstup<\/p>\n\n\n\n<p><strong>Pro koho je z\u00e1\u017eitkov\u00e1 st\u0159elba ur\u010dena?<\/strong><\/p>\n\n\n\n<p>Za\u010d\u00e1te\u010dn\u00edky \u2013 kte\u0159\u00ed se cht\u011bj\u00ed sezn\u00e1mit se zbran\u011bmi a vyzkou\u0161et st\u0159elbu.<br>Milovn\u00edky adrenalinu \u2013 pro ka\u017ed\u00e9ho, kdo chce za\u017e\u00edt vzru\u0161en\u00ed z c\u00edlen\u00e9 st\u0159elby.<\/p>\n\n\n\n<p>\ud83d\udcc5 <strong>Term\u00edny a m\u00edsto kon\u00e1n\u00ed:<\/strong> dle domluvy, tr\u00e9nink prob\u00edh\u00e1 na st\u0159elnici.<br>\ud83d\udce9 <strong>Objedn\u00e1vky a dotazy:<\/strong> <a href=\"mailto:info@cqcsolutions.cz\"><strong>info@cqcsolutions.cz<\/strong><\/a><\/p>\n\n\n\n<p><strong>Co pot\u0159ebujete k \u00fa\u010dasti?<\/strong><\/p>\n\n\n\n<p>Zaregistrov\u00e1n\u00ed<\/p>\n\n\n\n<p>Platn\u00fd ob\u010dansk\u00fd pr\u016fkaz<\/p>\n\n\n\n<p><strong>Za\u017eijte to, co jste je\u0161t\u011b nikdy nezkusili \u2013 vyberte si sv\u016fj bal\u00ed\u010dek a pus\u0165te se do st\u0159elby!<\/strong> \ud83d\udd2b\ud83c\udfaf<\/p>\n\n\n\n<figure class=\"wp-block-image size-thumbnail\"><img loading=\"lazy\" decoding=\"async\" width=\"150\" height=\"150\" src=\"https:\/\/www.cqcsolutions.cz\/wp-content\/uploads\/2025\/07\/IMG_20250708_093404_edit_33889547812697-150x150.jpg\" alt=\"\" class=\"wp-image-609\"\/><\/figure>\n\n\n\n<figure class=\"wp-block-gallery has-nested-images columns-default is-cropped wp-block-gallery-1 is-layout-flex wp-block-gallery-is-layout-flex\">\n<figure class=\"wp-block-image size-medium\"><img loading=\"lazy\" decoding=\"async\" width=\"169\" height=\"300\" data-id=\"612\" src=\"https:\/\/www.cqcsolutions.cz\/wp-content\/uploads\/2025\/07\/516798888_1460755508397500_3748024416805118731_n-169x300.jpg\" alt=\"\" class=\"wp-image-612\" srcset=\"https:\/\/www.cqcsolutions.cz\/wp-content\/uploads\/2025\/07\/516798888_1460755508397500_3748024416805118731_n-169x300.jpg 169w, https:\/\/www.cqcsolutions.cz\/wp-content\/uploads\/2025\/07\/516798888_1460755508397500_3748024416805118731_n-576x1024.jpg 576w, https:\/\/www.cqcsolutions.cz\/wp-content\/uploads\/2025\/07\/516798888_1460755508397500_3748024416805118731_n-624x1109.jpg 624w, https:\/\/www.cqcsolutions.cz\/wp-content\/uploads\/2025\/07\/516798888_1460755508397500_3748024416805118731_n.jpg 642w\" sizes=\"auto, (max-width: 169px) 100vw, 169px\" \/><\/figure>\n\n\n\n<figure class=\"wp-block-image size-large\"><img loading=\"lazy\" decoding=\"async\" width=\"576\" height=\"1024\" data-id=\"614\" src=\"https:\/\/www.cqcsolutions.cz\/wp-content\/uploads\/2025\/07\/516814281_1231926744896688_7893759746397843800_n-576x1024.jpg\" alt=\"\" class=\"wp-image-614\" srcset=\"https:\/\/www.cqcsolutions.cz\/wp-content\/uploads\/2025\/07\/516814281_1231926744896688_7893759746397843800_n-576x1024.jpg 576w, https:\/\/www.cqcsolutions.cz\/wp-content\/uploads\/2025\/07\/516814281_1231926744896688_7893759746397843800_n-169x300.jpg 169w, https:\/\/www.cqcsolutions.cz\/wp-content\/uploads\/2025\/07\/516814281_1231926744896688_7893759746397843800_n-624x1109.jpg 624w, https:\/\/www.cqcsolutions.cz\/wp-content\/uploads\/2025\/07\/516814281_1231926744896688_7893759746397843800_n.jpg 642w\" sizes=\"auto, (max-width: 576px) 100vw, 576px\" \/><\/figure>\n\n\n\n<figure class=\"wp-block-image size-large\"><img loading=\"lazy\" decoding=\"async\" width=\"576\" height=\"1024\" data-id=\"616\" src=\"https:\/\/www.cqcsolutions.cz\/wp-content\/uploads\/2025\/07\/518221617_726510466802595_7257470412046854321_n-576x1024.jpg\" alt=\"\" class=\"wp-image-616\" srcset=\"https:\/\/www.cqcsolutions.cz\/wp-content\/uploads\/2025\/07\/518221617_726510466802595_7257470412046854321_n-576x1024.jpg 576w, https:\/\/www.cqcsolutions.cz\/wp-content\/uploads\/2025\/07\/518221617_726510466802595_7257470412046854321_n-169x300.jpg 169w, https:\/\/www.cqcsolutions.cz\/wp-content\/uploads\/2025\/07\/518221617_726510466802595_7257470412046854321_n-624x1109.jpg 624w, https:\/\/www.cqcsolutions.cz\/wp-content\/uploads\/2025\/07\/518221617_726510466802595_7257470412046854321_n.jpg 642w\" sizes=\"auto, (max-width: 576px) 100vw, 576px\" \/><\/figure>\n\n\n\n<figure class=\"wp-block-image size-large\"><img loading=\"lazy\" decoding=\"async\" width=\"576\" height=\"1024\" data-id=\"613\" src=\"https:\/\/www.cqcsolutions.cz\/wp-content\/uploads\/2025\/07\/519427025_1296265808719051_3437090510820949958_n-576x1024.jpg\" alt=\"\" class=\"wp-image-613\" srcset=\"https:\/\/www.cqcsolutions.cz\/wp-content\/uploads\/2025\/07\/519427025_1296265808719051_3437090510820949958_n-576x1024.jpg 576w, https:\/\/www.cqcsolutions.cz\/wp-content\/uploads\/2025\/07\/519427025_1296265808719051_3437090510820949958_n-169x300.jpg 169w, https:\/\/www.cqcsolutions.cz\/wp-content\/uploads\/2025\/07\/519427025_1296265808719051_3437090510820949958_n-624x1109.jpg 624w, https:\/\/www.cqcsolutions.cz\/wp-content\/uploads\/2025\/07\/519427025_1296265808719051_3437090510820949958_n.jpg 642w\" sizes=\"auto, (max-width: 576px) 100vw, 576px\" \/><\/figure>\n\n\n\n<figure class=\"wp-block-image size-large\"><img loading=\"lazy\" decoding=\"async\" width=\"576\" height=\"1024\" data-id=\"615\" src=\"https:\/\/www.cqcsolutions.cz\/wp-content\/uploads\/2025\/07\/519432088_1054730603542001_2282497346979358464_n-576x1024.jpg\" alt=\"\" class=\"wp-image-615\" srcset=\"https:\/\/www.cqcsolutions.cz\/wp-content\/uploads\/2025\/07\/519432088_1054730603542001_2282497346979358464_n-576x1024.jpg 576w, https:\/\/www.cqcsolutions.cz\/wp-content\/uploads\/2025\/07\/519432088_1054730603542001_2282497346979358464_n-169x300.jpg 169w, https:\/\/www.cqcsolutions.cz\/wp-content\/uploads\/2025\/07\/519432088_1054730603542001_2282497346979358464_n-624x1109.jpg 624w, https:\/\/www.cqcsolutions.cz\/wp-content\/uploads\/2025\/07\/519432088_1054730603542001_2282497346979358464_n.jpg 642w\" sizes=\"auto, (max-width: 576px) 100vw, 576px\" \/><\/figure>\n<\/figure>\n","protected":false},"excerpt":{"rendered":"<p>Z\u00c1\u017dITKOV\u00c1 ST\u0158ELBA \u2013 Vyberte si z 5 r\u016fzn\u00fdch bal\u00ed\u010dk\u016f! !!!Za\u017eijte adrenalin a nau\u010dte se st\u0159\u00edlet jako profesion\u00e1l!!! Pokud hled\u00e1te unik\u00e1tn\u00ed z\u00e1\u017eitek, kter\u00fd kombinuje adrenalin a z\u00e1bavu, na\u0161e z\u00e1\u017eitkov\u00e1 st\u0159elba je [&hellip;]<\/p>\n","protected":false},"author":1,"featured_media":608,"parent":0,"menu_order":0,"comment_status":"closed","ping_status":"closed","template":"","meta":{"ngg_post_thumbnail":0,"footnotes":""},"class_list":["post-60","page","type-page","status-publish","has-post-thumbnail","hentry"],"_links":{"self":[{"href":"https:\/\/www.cqcsolutions.cz\/index.php?rest_route=\/wp\/v2\/pages\/60","targetHints":{"allow":["GET"]}}],"collection":[{"href":"https:\/\/www.cqcsolutions.cz\/index.php?rest_route=\/wp\/v2\/pages"}],"about":[{"href":"https:\/\/www.cqcsolutions.cz\/index.php?rest_route=\/wp\/v2\/types\/page"}],"author":[{"embeddable":true,"href":"https:\/\/www.cqcsolutions.cz\/index.php?rest_route=\/wp\/v2\/users\/1"}],"replies":[{"embeddable":true,"href":"https:\/\/www.cqcsolutions.cz\/index.php?rest_route=%2Fwp%2Fv2%2Fcomments&post=60"}],"version-history":[{"count":21,"href":"https:\/\/www.cqcsolutions.cz\/index.php?rest_route=\/wp\/v2\/pages\/60\/revisions"}],"predecessor-version":[{"id":744,"href":"https:\/\/www.cqcsolutions.cz\/index.php?rest_route=\/wp\/v2\/pages\/60\/revisions\/744"}],"wp:featuredmedia":[{"embeddable":true,"href":"https:\/\/www.cqcsolutions.cz\/index.php?rest_route=\/wp\/v2\/media\/608"}],"wp:attachment":[{"href":"https:\/\/www.cqcsolutions.cz\/index.php?rest_route=%2Fwp%2Fv2%2Fmedia&parent=60"}],"curies":[{"name":"wp","href":"https:\/\/api.w.org\/{rel}","templated":true}]}}