{"id":62,"date":"2025-04-25T16:34:02","date_gmt":"2025-04-25T14:34:02","guid":{"rendered":"https:\/\/www.cqcsolutions.cz\/?page_id=62"},"modified":"2025-12-26T11:50:13","modified_gmt":"2025-12-26T10:50:13","slug":"home-defense","status":"publish","type":"page","link":"https:\/\/www.cqcsolutions.cz\/?page_id=62","title":{"rendered":"HOME DEFENSE"},"content":{"rendered":"\n<p>!!!Term\u00edn kurzu je vyhla\u0161ov\u00e1n po p\u0159edb\u011b\u017en\u00e9m p\u0159ihl\u00e1\u0161en\u00ed minim\u00e1ln\u011b 4 \u00fa\u010dastn\u00edk\u016f.<br>Po dosa\u017een\u00ed tohoto po\u010dtu budou v\u0161ichni p\u0159ihl\u00e1\u0161en\u00ed klienti neprodlen\u011b informov\u00e1ni o konkr\u00e9tn\u00edm term\u00ednu kon\u00e1n\u00ed a organiza\u010dn\u00edch detailech kurzu!!!<\/p>\n\n\n\n<p>!!!<strong>Chra\u0148te sebe, svou rodinu a sv\u016fj domov!<\/strong>!!<\/p>\n\n\n\n<p>V krizov\u00e9 situaci nen\u00ed \u010das p\u0159em\u00fd\u0161let \u2013 mus\u00edte jednat. Kurz <strong>HOME DEFENSE<\/strong> v\u00e1s nau\u010d\u00ed, jak efektivn\u011b zabezpe\u010dit sv\u016fj domov a spr\u00e1vn\u011b reagovat p\u0159i n\u00e1siln\u00e9m vniknut\u00ed. Zam\u011b\u0159ujeme se na prevenci, sebeobranu,taktiku obrany i pr\u00e1vn\u00ed aspekty pou\u017eit\u00ed zbran\u011b v r\u00e1mci nutn\u00e9 obrany.<\/p>\n\n\n\n<p><strong>Co se nau\u010d\u00edte?<\/strong><\/p>\n\n\n\n<p>Prevence a bezpe\u010dnostn\u00ed opat\u0159en\u00ed \u2013 jak minimalizovat riziko vloup\u00e1n\u00ed.<br>Taktick\u00e1 pr\u00e1ce v prostoru \u2013 jak se pohybovat po dom\u011b v krizov\u00e9 situaci.<br>Obrana proti \u00fato\u010dn\u00edk\u016fm \u2013 praktick\u00e9 sebeobrann\u00e9 techniky<br>Pou\u017eit\u00ed st\u0159eln\u00e9 zbran\u011b v uzav\u0159en\u00e9m prostoru \u2013 manipulace, kryt\u00ed a p\u0159esn\u00e1 st\u0159elba.<br>Pr\u00e1vn\u00ed r\u00e1mec nutn\u00e9 obrany \u2013 co si m\u016f\u017eete dovolit podle z\u00e1kona.<br>Re\u00e1ln\u00e9 sc\u00e9n\u00e1\u0159e a simulace \u2013 jak reagovat pod stresem a spr\u00e1vn\u011b se rozhodovat.<\/p>\n\n\n\n<p><strong>Jak kurz prob\u00edh\u00e1?<\/strong><\/p>\n\n\n\n<p>Teoretick\u00e1 \u010d\u00e1st \u2013 anal\u00fdza hrozeb, bezpe\u010dnostn\u00ed pl\u00e1ny, pr\u00e1vn\u00ed aspekty.<br>Praktick\u00fd v\u00fdcvik \u2013 n\u00e1cvik pohybu, sebeobrana, taktika a manipulace se zbran\u011bmi (st\u0159eln\u00e9, teleskop, kobutan&#8230;)<\/p>\n\n\n\n<p>Modelov\u00e9 situace \u2013 dynamick\u00e9 sc\u00e9n\u00e1\u0159e s aktivn\u00edm protivn\u00edkem s vyu\u017eit\u00edm MT-X zbran\u00ed.<\/p>\n\n\n\n<p><strong>N\u00e1cvik ve vlastn\u00edm prost\u0159ed\u00ed<\/strong> (voliteln\u011b) \u2013 mo\u017enost individu\u00e1ln\u00edho tr\u00e9ninku p\u0159\u00edmo u v\u00e1s.<\/p>\n\n\n\n<p><strong>Pro koho je kurz ur\u010den?<\/strong><\/p>\n\n\n\n<p>Majitele zbran\u00ed \u2013 kte\u0159\u00ed cht\u011bj\u00ed v\u011bd\u011bt, jak ji spr\u00e1vn\u011b pou\u017e\u00edt na ochranu domova.<br>Jednotlivce \u2013 kte\u0159\u00ed se cht\u011bj\u00ed c\u00edtit bezpe\u010dn\u011bji a p\u0159ipravit se na krizov\u00e9 situace.<br>Bezpe\u010dnostn\u00ed profesion\u00e1ly \u2013 kte\u0159\u00ed cht\u011bj\u00ed zdokonalit taktiku ochrany objekt\u016f.<\/p>\n\n\n\n<p>\ud83d\udccd <strong>M\u00edsto kon\u00e1n\u00ed:<\/strong> viz konkr\u00e9tn\u00ed term\u00edn <a href=\"https:\/\/www.cqcsolutions.cz\/?post_type=tribe_events\" data-type=\"link\" data-id=\"https:\/\/www.cqcsolutions.cz\/?post_type=tribe_events\">v kalend\u00e1\u0159i<\/a> , nebo dle domluvy.<\/p>\n\n\n\n<p><strong>V\u00e1\u0161 domov, va\u0161e pravidla \u2013 bu\u010fte p\u0159ipraveni ho ochr\u00e1nit!<\/strong> \ud83c\udfe1\ud83d\udd2b<\/p>\n\n\n\n<p><strong>V\u0161e co u\u010d\u00edme je ov\u011b\u0159eno mnohaletou prax\u00ed. <\/strong><\/p>\n\n\n\n<p><strong>Fotografie z kurzu<\/strong><\/p>\n\n\n\nngg_shortcode_0_placeholder\n","protected":false},"excerpt":{"rendered":"<p>!!!Term\u00edn kurzu je vyhla\u0161ov\u00e1n po p\u0159edb\u011b\u017en\u00e9m p\u0159ihl\u00e1\u0161en\u00ed minim\u00e1ln\u011b 4 \u00fa\u010dastn\u00edk\u016f.Po dosa\u017een\u00ed tohoto po\u010dtu budou v\u0161ichni p\u0159ihl\u00e1\u0161en\u00ed klienti neprodlen\u011b informov\u00e1ni o konkr\u00e9tn\u00edm term\u00ednu kon\u00e1n\u00ed a organiza\u010dn\u00edch detailech kurzu!!! !!!Chra\u0148te sebe, svou [&hellip;]<\/p>\n","protected":false},"author":1,"featured_media":0,"parent":0,"menu_order":0,"comment_status":"closed","ping_status":"closed","template":"","meta":{"ngg_post_thumbnail":0,"footnotes":""},"class_list":["post-62","page","type-page","status-publish","hentry"],"_links":{"self":[{"href":"https:\/\/www.cqcsolutions.cz\/index.php?rest_route=\/wp\/v2\/pages\/62","targetHints":{"allow":["GET"]}}],"collection":[{"href":"https:\/\/www.cqcsolutions.cz\/index.php?rest_route=\/wp\/v2\/pages"}],"about":[{"href":"https:\/\/www.cqcsolutions.cz\/index.php?rest_route=\/wp\/v2\/types\/page"}],"author":[{"embeddable":true,"href":"https:\/\/www.cqcsolutions.cz\/index.php?rest_route=\/wp\/v2\/users\/1"}],"replies":[{"embeddable":true,"href":"https:\/\/www.cqcsolutions.cz\/index.php?rest_route=%2Fwp%2Fv2%2Fcomments&post=62"}],"version-history":[{"count":5,"href":"https:\/\/www.cqcsolutions.cz\/index.php?rest_route=\/wp\/v2\/pages\/62\/revisions"}],"predecessor-version":[{"id":754,"href":"https:\/\/www.cqcsolutions.cz\/index.php?rest_route=\/wp\/v2\/pages\/62\/revisions\/754"}],"wp:attachment":[{"href":"https:\/\/www.cqcsolutions.cz\/index.php?rest_route=%2Fwp%2Fv2%2Fmedia&parent=62"}],"curies":[{"name":"wp","href":"https:\/\/api.w.org\/{rel}","templated":true}]}}