{"id":68,"date":"2025-04-25T16:43:20","date_gmt":"2025-04-25T14:43:20","guid":{"rendered":"https:\/\/www.cqcsolutions.cz\/?page_id=68"},"modified":"2025-12-26T11:49:55","modified_gmt":"2025-12-26T10:49:55","slug":"one-man-clearing-room","status":"publish","type":"page","link":"https:\/\/www.cqcsolutions.cz\/?page_id=68","title":{"rendered":"ONE MAN CLEARING ROOM"},"content":{"rendered":"\n<p>!!!Term\u00edn kurzu je vyhla\u0161ov\u00e1n po p\u0159edb\u011b\u017en\u00e9m p\u0159ihl\u00e1\u0161en\u00ed minim\u00e1ln\u011b 4 \u00fa\u010dastn\u00edk\u016f.<br>Po dosa\u017een\u00ed tohoto po\u010dtu budou v\u0161ichni p\u0159ihl\u00e1\u0161en\u00ed klienti neprodlen\u011b informov\u00e1ni o konkr\u00e9tn\u00edm term\u00ednu kon\u00e1n\u00ed a organiza\u010dn\u00edch detailech kurzu!!!<\/p>\n\n\n\n<p>Kurz <strong>One Man Clearing Room<\/strong> je intenzivn\u00ed v\u00fdcvik zam\u011b\u0159en\u00fd na boj v uzav\u0159en\u00fdch<br>prostorech (CQB) pro jednotlivce. Nau\u010d\u00edme V\u00e1s efektivn\u011b a bezpe\u010dn\u011b vstupovat do<br>m\u00edstnost\u00ed, ovl\u00e1dat prostor a eliminovat potenci\u00e1ln\u00ed hrozby, i kdy\u017e jste sami.<br>Kurz je ur\u010den pro civilisty, p\u0159\u00edslu\u0161n\u00edky bezpe\u010dnostn\u00edch slo\u017eek, aktivn\u00ed z\u00e1lohy,<br>stanoven\u00e9 z\u00e1lohy st\u00e1tu a nad\u0161ence, kte\u0159\u00ed cht\u011bj\u00ed z\u00edskat dovednosti v CQB. Jedn\u00e1 se o<br>z\u00e1kladn\u00ed dovednosti ka\u017ed\u00e9ho oper\u00e1tora. Kurz nep\u0159\u00edmo navazuje na kurz HOME<br>DEFENSE.<\/p>\n\n\n\n<p><strong>Co se nau\u010d\u00edte?<\/strong><br>Spr\u00e1vn\u00fd vstup do m\u00edstnosti \u2013 jak minimalizovat riziko p\u0159i pr\u016fniku.<br>Pohyb v uzav\u0159en\u00e9m prostoru \u2013 jak vyu\u017e\u00edt kryt, spr\u00e1vn\u011b se pohybovat a zauj\u00edmat<br>taktick\u00e9 pozice.<br>Vizu\u00e1ln\u00ed kontrola prostoru \u2013 rozpozn\u00e1n\u00ed a vyhodnocen\u00ed hrozeb.<br>Manipulace se zbran\u00ed v CQB \u2013 bezpe\u010dn\u00e9 a efektivn\u00ed ovl\u00e1d\u00e1n\u00ed zbran\u011b v omezen\u00e9m<br>prostoru.<br>Rozhodovac\u00ed procesy \u2013 jak spr\u00e1vn\u011b reagovat na r\u016fzn\u00e9 sc\u00e9n\u00e1\u0159e.<br><\/p>\n\n\n\n<p><strong>Pr\u016fb\u011bh kurzu<\/strong><br>Instrukt\u00e1\u017e a teorie \u2013 pochopen\u00ed princip\u016f CQB pro jednotlivce.<br>Praktick\u00e9 drily \u2013 n\u00e1cvik pohybu, vstupu do m\u00edstnosti a pr\u00e1ce se zbran\u00ed.<br>Modelov\u00e9 situace \u2013 simulace skute\u010dn\u00fdch situac\u00ed s d\u016frazem na rozhodov\u00e1n\u00ed a<br>spr\u00e1vn\u00e9 reakce.<br>Force-on-force \u2013 dynamick\u00e9 sc\u00e9n\u00e1\u0159e s aktivn\u00edm protivn\u00edkem s vyu\u017eit\u00edm MT-X munice<\/p>\n\n\n\n<p>\ud83d\udccd <strong>M\u00edsto kon\u00e1n\u00ed<\/strong>: viz konkr\u00e9tn\u00ed term\u00edn v <a href=\"https:\/\/www.cqcsolutions.cz\/?post_type=tribe_events\" data-type=\"link\" data-id=\"https:\/\/www.cqcsolutions.cz\/?post_type=tribe_events\">kalend\u00e1\u0159i<\/a> , nebo dle domluvy.<br><strong>Nez\u00e1le\u017e\u00ed na \u00farovni zku\u0161enost\u00ed \u2013 d\u016fle\u017eit\u00e1 je chu\u0165 se u\u010dit!<\/strong><\/p>\n\n\n\n<p><strong>V\u0161e co u\u010d\u00edme je ov\u011b\u0159eno mnohaletou prax\u00ed. <\/strong><\/p>\n\n\n\n<p><strong>Fotografie z kurzu<\/strong><\/p>\n\n\n\nngg_shortcode_0_placeholder\n","protected":false},"excerpt":{"rendered":"<p>!!!Term\u00edn kurzu je vyhla\u0161ov\u00e1n po p\u0159edb\u011b\u017en\u00e9m p\u0159ihl\u00e1\u0161en\u00ed minim\u00e1ln\u011b 4 \u00fa\u010dastn\u00edk\u016f.Po dosa\u017een\u00ed tohoto po\u010dtu budou v\u0161ichni p\u0159ihl\u00e1\u0161en\u00ed klienti neprodlen\u011b informov\u00e1ni o konkr\u00e9tn\u00edm term\u00ednu kon\u00e1n\u00ed a organiza\u010dn\u00edch detailech kurzu!!! Kurz One Man [&hellip;]<\/p>\n","protected":false},"author":1,"featured_media":0,"parent":0,"menu_order":0,"comment_status":"closed","ping_status":"closed","template":"","meta":{"ngg_post_thumbnail":0,"footnotes":""},"class_list":["post-68","page","type-page","status-publish","hentry"],"_links":{"self":[{"href":"https:\/\/www.cqcsolutions.cz\/index.php?rest_route=\/wp\/v2\/pages\/68","targetHints":{"allow":["GET"]}}],"collection":[{"href":"https:\/\/www.cqcsolutions.cz\/index.php?rest_route=\/wp\/v2\/pages"}],"about":[{"href":"https:\/\/www.cqcsolutions.cz\/index.php?rest_route=\/wp\/v2\/types\/page"}],"author":[{"embeddable":true,"href":"https:\/\/www.cqcsolutions.cz\/index.php?rest_route=\/wp\/v2\/users\/1"}],"replies":[{"embeddable":true,"href":"https:\/\/www.cqcsolutions.cz\/index.php?rest_route=%2Fwp%2Fv2%2Fcomments&post=68"}],"version-history":[{"count":7,"href":"https:\/\/www.cqcsolutions.cz\/index.php?rest_route=\/wp\/v2\/pages\/68\/revisions"}],"predecessor-version":[{"id":753,"href":"https:\/\/www.cqcsolutions.cz\/index.php?rest_route=\/wp\/v2\/pages\/68\/revisions\/753"}],"wp:attachment":[{"href":"https:\/\/www.cqcsolutions.cz\/index.php?rest_route=%2Fwp%2Fv2%2Fmedia&parent=68"}],"curies":[{"name":"wp","href":"https:\/\/api.w.org\/{rel}","templated":true}]}}