{"id":74,"date":"2025-04-25T16:53:58","date_gmt":"2025-04-25T14:53:58","guid":{"rendered":"https:\/\/www.cqcsolutions.cz\/?page_id=74"},"modified":"2025-12-26T11:49:37","modified_gmt":"2025-12-26T10:49:37","slug":"cqb","status":"publish","type":"page","link":"https:\/\/www.cqcsolutions.cz\/?page_id=74","title":{"rendered":"CQB"},"content":{"rendered":"\n<p>!!!Term\u00edn kurzu je vyhla\u0161ov\u00e1n po p\u0159edb\u011b\u017en\u00e9m p\u0159ihl\u00e1\u0161en\u00ed minim\u00e1ln\u011b 4 \u00fa\u010dastn\u00edk\u016f.<br>Po dosa\u017een\u00ed tohoto po\u010dtu budou v\u0161ichni p\u0159ihl\u00e1\u0161en\u00ed klienti neprodlen\u011b informov\u00e1ni o konkr\u00e9tn\u00edm term\u00ednu kon\u00e1n\u00ed a organiza\u010dn\u00edch detailech kurzu!!!<\/p>\n\n\n\n<p><strong>!!!T\u00fdmov\u00e1 spolupr\u00e1ce v boji na bl\u00edzkou vzd\u00e1lenost (CQB)!!!<\/strong><br>Efektivn\u00ed pohyb v uzav\u0159en\u00fdch prostor\u00e1ch vy\u017eaduje dokonalou souhru, komunikaci a<br>precizn\u00ed taktiku. Tento kurz je zam\u011b\u0159en na v\u00fdcvik dvou\u010dlenn\u00fdch a \u010dty\u0159\u010dlenn\u00fdch<br>t\u00fdm\u016f p\u0159i bojov\u00fdch operac\u00edch v budov\u00e1ch, se zam\u011b\u0159en\u00edm na rychl\u00fd a bezpe\u010dn\u00fd<br>pr\u016fchod nezn\u00e1m\u00fdm prost\u0159ed\u00edm.<br><\/p>\n\n\n\n<p><strong>Co se nau\u010d\u00edte?<\/strong><br>T\u00fdmov\u00e1 souhra a komunikace \u2013 neverb\u00e1ln\u00ed i verb\u00e1ln\u00ed sign\u00e1ly, pl\u00e1nov\u00e1n\u00ed postupu.<br>Vstupy do m\u00edstnost\u00ed \u2013 r\u016fzn\u00e9 metody pr\u016fniku v r\u00e1mci dvojice a \u010dtve\u0159ice.<br>Pr\u00e1ce s krytem a rozd\u011blen\u00ed z\u00f3n odpov\u011bdnosti \u2013 minimalizace rizika p\u0159i postupu.<br>P\u0159echody mezi m\u00edstnostmi a patry \u2013 \u0159e\u0161en\u00ed chodeb, schodi\u0161\u0165 a \u00fazk\u00fdch prostor.<br>Reakce na kontakt s protivn\u00edkem \u2013 zaji\u0161t\u011bn\u00ed hrozeb, eliminace nebezpe\u010d\u00ed.<br>Pou\u017eit\u00ed zbran\u00ed v uzav\u0159en\u00e9m prostoru \u2013 bezpe\u010dn\u00e1 manipulace, st\u0159elba z r\u016fzn\u00fdch<br>pozic.<br>Taktick\u00e1 rozhodnut\u00ed v re\u00e1ln\u00e9m \u010dase \u2013 adaptace na dynamickou situaci.<br><\/p>\n\n\n\n<p><strong>Jak kurz prob\u00edh\u00e1?<\/strong><br>Teorie \u2013 principy t\u00fdmov\u00e9ho CQB, rozd\u011blen\u00ed rol\u00ed.<br>Drily \u2013 drill spr\u00e1vn\u00fdch n\u00e1vyk\u016f.<br>Praktick\u00e9 sc\u00e9n\u00e1\u0159e<br>Force-on-force tr\u00e9nink \u2013 dynamick\u00e9 sc\u00e9n\u00e1\u0159e s aktivn\u00edm protivn\u00edkem s vyu\u017eit\u00edm MT-X<br>munice<br><\/p>\n\n\n\n<p><strong>Pro koho je kurz ur\u010den?<\/strong><br>P\u0159\u00edslu\u0161n\u00edky ozbrojen\u00fdch slo\u017eek \u2013 policisty, str\u00e1\u017en\u00edky, voj\u00e1ky.<br>Bezpe\u010dnostn\u00ed profesion\u00e1ly \u2013 ochranku VIP osob, bezpe\u010dnostn\u00ed t\u00fdmy.<br>Stanoven\u00e9 z\u00e1lohy st\u00e1tu, aktivn\u00ed z\u00e1lohy \u2013 kte\u0159\u00ed cht\u011bj\u00ed zdokonalit sv\u00e9 CQB<br>dovednosti.<br>Veter\u00e1ny \u2013 kte\u0159\u00ed se cht\u011bj\u00ed udr\u017eovat v&nbsp;p\u0159ipravenosti<\/p>\n\n\n\n<p>\ud83d\udccd<strong>M\u00edsto kon\u00e1n\u00ed<\/strong>: viz konkr\u00e9tn\u00ed term\u00edn v <a href=\"https:\/\/www.cqcsolutions.cz\/?post_type=tribe_events\" data-type=\"link\" data-id=\"https:\/\/www.cqcsolutions.cz\/?post_type=tribe_events\">kalend\u00e1\u0159i<\/a> , nebo dle domluvy.<br><\/p>\n\n\n\n<p><strong>CQB nen\u00ed jen o rychlosti \u2013 je to o preciznosti, t\u00fdmov\u00e9 spolupr\u00e1ci a spr\u00e1vn\u00e9m<br>rozhodov\u00e1n\u00ed!<\/strong> <strong>V\u0161e co u\u010d\u00edme je ov\u011b\u0159eno mnohaletou prax\u00ed a bojov\u00fdmi zku\u0161enostmi. <\/strong><\/p>\n\n\n\n<p><strong>Fotografie z kurzu<\/strong><\/p>\n\n\n\nngg_shortcode_0_placeholder\n","protected":false},"excerpt":{"rendered":"<p>!!!Term\u00edn kurzu je vyhla\u0161ov\u00e1n po p\u0159edb\u011b\u017en\u00e9m p\u0159ihl\u00e1\u0161en\u00ed minim\u00e1ln\u011b 4 \u00fa\u010dastn\u00edk\u016f.Po dosa\u017een\u00ed tohoto po\u010dtu budou v\u0161ichni p\u0159ihl\u00e1\u0161en\u00ed klienti neprodlen\u011b informov\u00e1ni o konkr\u00e9tn\u00edm term\u00ednu kon\u00e1n\u00ed a organiza\u010dn\u00edch detailech kurzu!!! !!!T\u00fdmov\u00e1 spolupr\u00e1ce v [&hellip;]<\/p>\n","protected":false},"author":1,"featured_media":0,"parent":0,"menu_order":0,"comment_status":"closed","ping_status":"closed","template":"","meta":{"ngg_post_thumbnail":0,"footnotes":""},"class_list":["post-74","page","type-page","status-publish","hentry"],"_links":{"self":[{"href":"https:\/\/www.cqcsolutions.cz\/index.php?rest_route=\/wp\/v2\/pages\/74","targetHints":{"allow":["GET"]}}],"collection":[{"href":"https:\/\/www.cqcsolutions.cz\/index.php?rest_route=\/wp\/v2\/pages"}],"about":[{"href":"https:\/\/www.cqcsolutions.cz\/index.php?rest_route=\/wp\/v2\/types\/page"}],"author":[{"embeddable":true,"href":"https:\/\/www.cqcsolutions.cz\/index.php?rest_route=\/wp\/v2\/users\/1"}],"replies":[{"embeddable":true,"href":"https:\/\/www.cqcsolutions.cz\/index.php?rest_route=%2Fwp%2Fv2%2Fcomments&post=74"}],"version-history":[{"count":6,"href":"https:\/\/www.cqcsolutions.cz\/index.php?rest_route=\/wp\/v2\/pages\/74\/revisions"}],"predecessor-version":[{"id":752,"href":"https:\/\/www.cqcsolutions.cz\/index.php?rest_route=\/wp\/v2\/pages\/74\/revisions\/752"}],"wp:attachment":[{"href":"https:\/\/www.cqcsolutions.cz\/index.php?rest_route=%2Fwp%2Fv2%2Fmedia&parent=74"}],"curies":[{"name":"wp","href":"https:\/\/api.w.org\/{rel}","templated":true}]}}