{"id":78,"date":"2025-04-25T16:58:53","date_gmt":"2025-04-25T14:58:53","guid":{"rendered":"https:\/\/www.cqcsolutions.cz\/?page_id=78"},"modified":"2026-01-01T20:21:50","modified_gmt":"2026-01-01T19:21:50","slug":"kurzy-bezpecnosti-pro-instituce-urady-a-firmy","status":"publish","type":"page","link":"https:\/\/www.cqcsolutions.cz\/?page_id=78","title":{"rendered":"FIRMY \/ INSTITUCE"},"content":{"rendered":"\n<p><strong>!!! Bu\u010fte p\u0159ipraveni na krizov\u00e9 situace!!!<\/strong><br>Pracovn\u00ed prost\u0159ed\u00ed by m\u011blo b\u00fdt bezpe\u010dn\u00e9, ale realita m\u016f\u017ee p\u0159in\u00e9st situace, kdy je<br>nutn\u00e9 okam\u017eit\u011b reagovat. Na\u0161e kurzy pom\u00e1haj\u00ed zam\u011bstnanc\u016fm \u00fa\u0159ad\u016f a<br>kancel\u00e1\u0159sk\u00fdch firem zvl\u00e1dat krizov\u00e9 sc\u00e9n\u00e1\u0159e, a\u0165 u\u017e jde o agresivn\u00edho klienta,<br>aktivn\u00edho \u00fato\u010dn\u00edka nebo evakuaci p\u0159i ohro\u017een\u00ed.<br><\/p>\n\n\n\n<p><strong>AMOK<\/strong> \u2013 Aktivn\u00ed \u00fato\u010dn\u00edk v pracovn\u00edm prost\u0159ed\u00ed<br><\/p>\n\n\n\n<p>Jak rozpoznat potenci\u00e1ln\u00edho \u00fato\u010dn\u00edka \u2013 varovn\u00e9 sign\u00e1ly a prevence.<br>Bezpe\u010dnostn\u00ed protokoly p\u0159i \u00fatoku \u2013 jak reagovat, kam se ukr\u00fdt, kdy ut\u00e9ct.<br>Evakuace a lockdown \u2013 jak minimalizovat riziko pro zam\u011bstnance.<br>Spolupr\u00e1ce s polici\u00ed a IZS \u2013 spr\u00e1vn\u00e1 komunikace p\u0159i z\u00e1sahu slo\u017eek.<br>Modelov\u00e9 situace a praktick\u00fd n\u00e1cvik \u2013 simulace r\u016fzn\u00fdch sc\u00e9n\u00e1\u0159\u016f v pracovn\u00edm<br>prost\u0159ed\u00ed.<br><\/p>\n\n\n\n<p><br><\/p>\n\n\n\n<p>\ud83d\udcc5 \ud83d\udccd<strong>Term\u00edny a m\u00edsto kon\u00e1n\u00ed \u2013 dle domluvy, \u0161kolen\u00ed prob\u00edh\u00e1 p\u0159\u00edmo u v\u00e1s.<\/strong><br><\/p>\n\n\n\n<p><strong>\ud83d\udce9 <strong>Objedn\u00e1vky a dotazy:<\/strong> <a href=\"mailto:info@cqcsolutions.cz\"><strong>info@cqcsolutions.cz<\/strong><\/a><\/strong><br><\/p>\n\n\n\n<p><strong>Zajist\u011bte bezpe\u010dnost sv\u00fdm zam\u011bstnanc\u016fm \u2013 prevence a spr\u00e1vn\u00e1 reakce mohou<br>zachr\u00e1nit \u017eivoty!<\/strong><\/p>\n\n\n\n<p>V roce <strong>2024<\/strong> jsme \u0161kolili zam\u011bstnance bezpe\u010dnostn\u00ed slu\u017eby <strong>Nemocnice B\u0159eclav<\/strong>.<\/p>\n\n\n\n<p>Ve stejn\u00e9m roce jsme tak\u00e9 uspo\u0159\u00e1dali <strong>ve\u0159ejnou p\u0159edn\u00e1\u0161ku<\/strong> na t\u00e9ma <em>\u201eAktivn\u00ed \u00fato\u010dn\u00edk\u201c<\/em> v <strong>M\u011bstsk\u00e9 knihovn\u011b B\u0159eclav<\/strong>. C\u00edlem akce bylo zv\u00fd\u0161it pov\u011bdom\u00ed ve\u0159ejnosti o tom, jak reagovat v p\u0159\u00edpad\u011b \u00fatoku aktivn\u00edho \u00fato\u010dn\u00edka \u2013 a\u0165 u\u017e ve \u0161kole, na pracovi\u0161ti, nebo na jin\u00e9m ve\u0159ejn\u00e9m m\u00edst\u011b.<\/p>\n\n\n\n<p>2025 jsme provedli <strong>\u0161kolen\u00ed pro kontroln\u00ed pracovn\u00edky<\/strong> \u010cSI (\u010cesk\u00e1 \u0161koln\u00ed inspekce)<\/p>\n\n\n\n<p>Na tuto \u010dinnost jsme nav\u00e1zali dal\u0161\u00edmi spolupracemi a v sou\u010dasnosti ji\u017e p\u0159ipravujeme nov\u00e9 kurzy.<\/p>\n\n\n\n<figure class=\"wp-block-image size-large\"><img loading=\"lazy\" decoding=\"async\" width=\"1024\" height=\"911\" src=\"https:\/\/www.cqcsolutions.cz\/wp-content\/uploads\/2026\/01\/556093899_1109927921347959_8893739331676922969_n-1024x911.jpg\" alt=\"\" class=\"wp-image-758\" srcset=\"https:\/\/www.cqcsolutions.cz\/wp-content\/uploads\/2026\/01\/556093899_1109927921347959_8893739331676922969_n-1024x911.jpg 1024w, https:\/\/www.cqcsolutions.cz\/wp-content\/uploads\/2026\/01\/556093899_1109927921347959_8893739331676922969_n-300x267.jpg 300w, https:\/\/www.cqcsolutions.cz\/wp-content\/uploads\/2026\/01\/556093899_1109927921347959_8893739331676922969_n-768x684.jpg 768w, https:\/\/www.cqcsolutions.cz\/wp-content\/uploads\/2026\/01\/556093899_1109927921347959_8893739331676922969_n-1536x1367.jpg 1536w, https:\/\/www.cqcsolutions.cz\/wp-content\/uploads\/2026\/01\/556093899_1109927921347959_8893739331676922969_n-624x555.jpg 624w, https:\/\/www.cqcsolutions.cz\/wp-content\/uploads\/2026\/01\/556093899_1109927921347959_8893739331676922969_n.jpg 2018w\" sizes=\"auto, (max-width: 1024px) 100vw, 1024px\" \/><\/figure>\n\n\n\n<figure class=\"wp-block-image size-large\"><img loading=\"lazy\" decoding=\"async\" width=\"724\" height=\"1024\" src=\"https:\/\/www.cqcsolutions.cz\/wp-content\/uploads\/2025\/06\/123456-724x1024.jpg\" alt=\"\" class=\"wp-image-472\" srcset=\"https:\/\/www.cqcsolutions.cz\/wp-content\/uploads\/2025\/06\/123456-724x1024.jpg 724w, https:\/\/www.cqcsolutions.cz\/wp-content\/uploads\/2025\/06\/123456-212x300.jpg 212w, https:\/\/www.cqcsolutions.cz\/wp-content\/uploads\/2025\/06\/123456-768x1086.jpg 768w, https:\/\/www.cqcsolutions.cz\/wp-content\/uploads\/2025\/06\/123456-1086x1536.jpg 1086w, https:\/\/www.cqcsolutions.cz\/wp-content\/uploads\/2025\/06\/123456-624x883.jpg 624w, https:\/\/www.cqcsolutions.cz\/wp-content\/uploads\/2025\/06\/123456.jpg 1414w\" sizes=\"auto, (max-width: 724px) 100vw, 724px\" \/><\/figure>\n","protected":false},"excerpt":{"rendered":"<p>!!! Bu\u010fte p\u0159ipraveni na krizov\u00e9 situace!!!Pracovn\u00ed prost\u0159ed\u00ed by m\u011blo b\u00fdt bezpe\u010dn\u00e9, ale realita m\u016f\u017ee p\u0159in\u00e9st situace, kdy jenutn\u00e9 okam\u017eit\u011b reagovat. Na\u0161e kurzy pom\u00e1haj\u00ed zam\u011bstnanc\u016fm \u00fa\u0159ad\u016f akancel\u00e1\u0159sk\u00fdch firem zvl\u00e1dat krizov\u00e9 sc\u00e9n\u00e1\u0159e, [&hellip;]<\/p>\n","protected":false},"author":1,"featured_media":0,"parent":0,"menu_order":0,"comment_status":"closed","ping_status":"closed","template":"","meta":{"ngg_post_thumbnail":0,"footnotes":""},"class_list":["post-78","page","type-page","status-publish","hentry"],"_links":{"self":[{"href":"https:\/\/www.cqcsolutions.cz\/index.php?rest_route=\/wp\/v2\/pages\/78","targetHints":{"allow":["GET"]}}],"collection":[{"href":"https:\/\/www.cqcsolutions.cz\/index.php?rest_route=\/wp\/v2\/pages"}],"about":[{"href":"https:\/\/www.cqcsolutions.cz\/index.php?rest_route=\/wp\/v2\/types\/page"}],"author":[{"embeddable":true,"href":"https:\/\/www.cqcsolutions.cz\/index.php?rest_route=\/wp\/v2\/users\/1"}],"replies":[{"embeddable":true,"href":"https:\/\/www.cqcsolutions.cz\/index.php?rest_route=%2Fwp%2Fv2%2Fcomments&post=78"}],"version-history":[{"count":13,"href":"https:\/\/www.cqcsolutions.cz\/index.php?rest_route=\/wp\/v2\/pages\/78\/revisions"}],"predecessor-version":[{"id":762,"href":"https:\/\/www.cqcsolutions.cz\/index.php?rest_route=\/wp\/v2\/pages\/78\/revisions\/762"}],"wp:attachment":[{"href":"https:\/\/www.cqcsolutions.cz\/index.php?rest_route=%2Fwp%2Fv2%2Fmedia&parent=78"}],"curies":[{"name":"wp","href":"https:\/\/api.w.org\/{rel}","templated":true}]}}