{"id":90,"date":"2025-04-25T17:06:26","date_gmt":"2025-04-25T15:06:26","guid":{"rendered":"https:\/\/www.cqcsolutions.cz\/?page_id=90"},"modified":"2025-09-27T07:19:43","modified_gmt":"2025-09-27T05:19:43","slug":"skoly","status":"publish","type":"page","link":"https:\/\/www.cqcsolutions.cz\/?page_id=90","title":{"rendered":"\u0160KOLY"},"content":{"rendered":"\n<p>Teoretick\u00fd a praktick\u00fd v\u00fdcvik pro u\u010ditele a zam\u011bstnance \u0161koly.<br><\/p>\n\n\n\n<p><strong>!!! V\u011bd\u011bt, jak reagovat, znamen\u00e1 p\u0159e\u017e\u00edt!!!<br><\/strong><\/p>\n\n\n\n<p>V dne\u0161n\u00ed dob\u011b je d\u016fle\u017eit\u00e9 b\u00fdt p\u0159ipraven na krizov\u00e9 situace, v\u010detn\u011b hrozby aktivn\u00edho<br>\u00fato\u010dn\u00edka. Tento kurz je speci\u00e1ln\u011b navr\u017een pro \u0161koly, aby u\u010ditele a zam\u011bstnance \u0161koly<br>nau\u010dil, jak se v takov\u00fdch situac\u00edch chovat, chr\u00e1nit sebe i ostatn\u00ed a efektivn\u011b reagovat<br>podle osv\u011bd\u010den\u00fdch postup\u016f.<br><\/p>\n\n\n\n<p><strong>Co se nau\u010d\u00edte?<\/strong><br>Rozpozn\u00e1n\u00ed hrozby \u2013 jak v\u010das identifikovat rizikov\u00e9 chov\u00e1n\u00ed a situace.<br>Postup p\u0159i \u00fatoku \u2013 strategie \u00faniku, ukryt\u00ed a p\u0159\u00edpadn\u00e9ho boje podle ALICE\/USB.<br>Spolupr\u00e1ce a krizov\u00e1 komunikace \u2013 jak efektivn\u011b pracovat s ostatn\u00edmi ve stresov\u00e9<br>situaci.<br>Z\u00e1klady prvn\u00ed pomoci \u2013 jak poskytnout z\u00e1kladn\u00ed pomoc zran\u011bn\u00fdm do p\u0159\u00edjezdu<br>z\u00e1chran\u00e1\u0159\u016f.<br>Praktick\u00fd n\u00e1cvik sc\u00e9n\u00e1\u0159\u016f \u2013 simulace r\u016fzn\u00fdch situac\u00ed v re\u00e1ln\u00e9m prost\u0159ed\u00ed \u0161koly.<br><\/p>\n\n\n\n<p><strong>Jak kurz prob\u00edh\u00e1?<\/strong><br>Teoretick\u00e1 \u010d\u00e1st \u2013 principy chov\u00e1n\u00ed p\u0159i \u00fatoku, prevence a krizov\u00e1 komunikace.<br>Praktick\u00fd n\u00e1cvik \u2013 prvn\u00ed pomoci, sebeobrany, taktick\u00fdch postup\u016f<br>Modelov\u00e9 situace \u2013 realistick\u00e9 modelov\u00e9 situace v prostor\u00e1ch \u0161koly s vyu\u017eit\u00edm<br>bezpe\u010dn\u00fdch v\u00fdcvikov\u00fdch pom\u016fcek.<br><\/p>\n\n\n\n<p><strong>Pro koho je kurz ur\u010den?<\/strong><br>U\u010ditele a zam\u011bstnance \u0161koly \u2013 jak spr\u00e1vn\u011b reagovat, jak v\u00e9st studenty v krizov\u00e9<br>situaci a minimalizovat rizika.<br><\/p>\n\n\n\n<p>\ud83d\udcc5 \ud83d\udccd<strong>Term\u00edny a m\u00edsto kon\u00e1n\u00ed<\/strong> \u2013 dle domluvy, \u0161kolen\u00ed prob\u00edh\u00e1 p\u0159\u00edmo ve \u0161kole.<br><\/p>\n\n\n\n<p><strong>\ud83d\udce9 Objedn\u00e1vky a dotazy:<\/strong> &nbsp;<a href=\"mailto:info@cqcsolutions.cz\">info@cqcsolutions.cz<\/a><br><\/p>\n\n\n\n<p><strong>Bezpe\u010dnost za\u010d\u00edn\u00e1 prevenc\u00ed \u2013 p\u0159ipravte svou \u0161kolu na krizov\u00e9 situace je\u0161t\u011b<br>dnes!<\/strong><\/p>\n\n\n\n<p>Realizovali jsme specializovan\u00e9 kurzy <strong>\u201eOzbrojen\u00fd \u00fato\u010dn\u00edk ve \u0161kole\u201c<\/strong> pro:<\/p>\n\n\n\n<ul class=\"wp-block-list\">\n<li>Z\u0160 Jana Noh\u00e1\u010de B\u0159eclav<\/li>\n\n\n\n<li>Z\u0160 a M\u0160 Kpt. N\u00e1lepky B\u0159eclav \u2013 Po\u0161torn\u00e1<\/li>\n\n\n\n<li>Z\u0160 a M\u0160 Rakvice<\/li>\n\n\n\n<li>Z\u0160 Valtick\u00e1<\/li>\n\n\n\n<li>Z\u0160 Slov\u00e1ck\u00e1<\/li>\n\n\n\n<li>Z\u0160 Komensk\u00e9ho v B\u0159eclavi<\/li>\n\n\n\n<li>Integrovanou st\u0159edn\u00ed \u0161kolu v Hodon\u00edn\u011b<\/li>\n\n\n\n<li>\u010cSI (\u010cesk\u00e1 \u0161koln\u00ed inspekce)<\/li>\n<\/ul>\n\n\n\n<p>Ve \u0161koln\u00edm roce <strong>2025\/2026<\/strong> jsme nav\u00e1zali dal\u0161\u00ed spolupr\u00e1ce nejen v regionu, ale i mimo n\u011bj. V sou\u010dasnosti prob\u00edhaj\u00ed nov\u00e1 \u0161kolen\u00ed a dal\u0161\u00ed kurzy ji\u017e p\u0159ipravujeme.<\/p>\n\n\n\n<p><\/p>\n\n\n\n<figure class=\"wp-block-image size-thumbnail\"><img loading=\"lazy\" decoding=\"async\" width=\"150\" height=\"150\" src=\"https:\/\/www.cqcsolutions.cz\/wp-content\/uploads\/2025\/06\/123456-150x150.jpg\" alt=\"\" class=\"wp-image-472\"\/><\/figure>\n\n\n\n<p><strong>Fotografie<\/strong><\/p>\n\n\n\nngg_shortcode_0_placeholder\n","protected":false},"excerpt":{"rendered":"<p>Teoretick\u00fd a praktick\u00fd v\u00fdcvik pro u\u010ditele a zam\u011bstnance \u0161koly. !!! V\u011bd\u011bt, jak reagovat, znamen\u00e1 p\u0159e\u017e\u00edt!!! V dne\u0161n\u00ed dob\u011b je d\u016fle\u017eit\u00e9 b\u00fdt p\u0159ipraven na krizov\u00e9 situace, v\u010detn\u011b hrozby aktivn\u00edho\u00fato\u010dn\u00edka. Tento kurz [&hellip;]<\/p>\n","protected":false},"author":1,"featured_media":0,"parent":0,"menu_order":0,"comment_status":"closed","ping_status":"closed","template":"","meta":{"ngg_post_thumbnail":0,"footnotes":""},"class_list":["post-90","page","type-page","status-publish","hentry"],"_links":{"self":[{"href":"https:\/\/www.cqcsolutions.cz\/index.php?rest_route=\/wp\/v2\/pages\/90","targetHints":{"allow":["GET"]}}],"collection":[{"href":"https:\/\/www.cqcsolutions.cz\/index.php?rest_route=\/wp\/v2\/pages"}],"about":[{"href":"https:\/\/www.cqcsolutions.cz\/index.php?rest_route=\/wp\/v2\/types\/page"}],"author":[{"embeddable":true,"href":"https:\/\/www.cqcsolutions.cz\/index.php?rest_route=\/wp\/v2\/users\/1"}],"replies":[{"embeddable":true,"href":"https:\/\/www.cqcsolutions.cz\/index.php?rest_route=%2Fwp%2Fv2%2Fcomments&post=90"}],"version-history":[{"count":8,"href":"https:\/\/www.cqcsolutions.cz\/index.php?rest_route=\/wp\/v2\/pages\/90\/revisions"}],"predecessor-version":[{"id":669,"href":"https:\/\/www.cqcsolutions.cz\/index.php?rest_route=\/wp\/v2\/pages\/90\/revisions\/669"}],"wp:attachment":[{"href":"https:\/\/www.cqcsolutions.cz\/index.php?rest_route=%2Fwp%2Fv2%2Fmedia&parent=90"}],"curies":[{"name":"wp","href":"https:\/\/api.w.org\/{rel}","templated":true}]}}