{"id":94,"date":"2025-04-25T17:10:12","date_gmt":"2025-04-25T15:10:12","guid":{"rendered":"https:\/\/www.cqcsolutions.cz\/?page_id=94"},"modified":"2025-11-14T06:35:55","modified_gmt":"2025-11-14T05:35:55","slug":"mestska-policie","status":"publish","type":"page","link":"https:\/\/www.cqcsolutions.cz\/?page_id=94","title":{"rendered":"M\u011aSTSK\u00c1 POLICIE"},"content":{"rendered":"\n<p><strong>!!! Profesn\u00ed rozvoj v krizov\u00fdch situac\u00edch !!!<\/strong><br><\/p>\n\n\n\n<p>Kurzy jsou speci\u00e1ln\u011b navr\u017eeny pro p\u0159\u00edslu\u0161n\u00edky m\u011bstsk\u00e9 policie a zam\u011b\u0159uj\u00ed se na<br>kl\u00ed\u010dov\u00e9 oblasti profesn\u00edho v\u00fdcviku. C\u00edlem je zv\u00fd\u0161it p\u0159ipravenost na krizov\u00e9 situace,<br>zdokonalit st\u0159eleck\u00e9 a taktick\u00e9 dovednosti a rozv\u00edjet \u00fa\u010dinnou profesn\u00ed sebeobranu.<br><\/p>\n\n\n\n<p><strong>AMOK<\/strong> \u2013 Aktivn\u00ed \u00fato\u010dn\u00edk<\/p>\n\n\n\n<div class=\"wp-block-group\"><div class=\"wp-block-group__inner-container is-layout-constrained wp-block-group-is-layout-constrained\">\n<div class=\"wp-block-columns is-layout-flex wp-container-core-columns-is-layout-9d6595d7 wp-block-columns-is-layout-flex\">\n<div class=\"wp-block-column is-layout-flow wp-block-column-is-layout-flow\" style=\"flex-basis:100%\">\n<ul class=\"wp-block-list\">\n<li>Rozpozn\u00e1n\u00ed a profil aktivn\u00edho \u00fato\u010dn\u00edka<\/li>\n\n\n\n<li>Taktika z\u00e1kroku jednotlivce i dvojice<\/li>\n\n\n\n<li>Postup p\u0159i vstupu do budovy a vyhled\u00e1v\u00e1n\u00ed hrozby<\/li>\n\n\n\n<li>Z\u00e1sah proti ozbrojen\u00e9 osob\u011b<\/li>\n\n\n\n<li>Koordinace s P\u010cR a dal\u0161\u00edmi slo\u017ekami IZS<\/li>\n\n\n\n<li>Pr\u00e1vn\u00ed r\u00e1mec z\u00e1sahu \u2013 krajn\u00ed nouze, nutn\u00e1 obrana<\/li>\n\n\n\n<li>Z\u00e1kladn\u00ed krizov\u00e1 komunikace a evakuace osob<\/li>\n<\/ul>\n<\/div>\n<\/div>\n<\/div><\/div>\n\n\n\n<p><strong>Teorie<\/strong><br>Rozpozn\u00e1n\u00ed hrozby<br>Postupy pro jednotlivce i dvojice \u2013 taktika p\u0159i mimo\u0159\u00e1dn\u00e9 ud\u00e1losti AMOK<br>Komunikace a koordinace \u2013 spolupr\u00e1ce s ostatn\u00edmi slo\u017ekami IZS.<br>Modelov\u00e9 situace \u2013 realistick\u00e9 sc\u00e9n\u00e1\u0159e s aktivn\u00edm protivn\u00edkem s vyu\u017eit\u00edm MT-X<br>munice<br><\/p>\n\n\n\n<p><strong>St\u0159eleck\u00e1 p\u0159\u00edprava<\/strong><br>Manipulace se zbran\u00ed v dynamick\u00fdch situac\u00edch.<br>St\u0159elba pod stresem \u2013 reakce na ne\u010dekan\u00e9 hrozby, \u010das, soupe\u0159en\u00ed<br>Pokro\u010dil\u00e9 st\u0159eleck\u00e9 techniky \u2013 vyu\u017eit\u00ed krytu a pohyb se zbran\u00ed, st\u0159elba jednoru\u010d\u2026<br>Taktick\u00e1 st\u0159elba \u2013 st\u0159eleck\u00e9 cvi\u010den\u00ed pro jednotlivce i dvojice<br><\/p>\n\n\n\n<p><strong>Taktick\u00e1 p\u0159\u00edprava<\/strong><br>Taktika v m\u011bstsk\u00e9m prost\u0159ed\u00ed.<br>Vstupy do budov a pohyb v uzav\u0159en\u00fdch prostorech.<br>\u0158e\u0161en\u00ed krizov\u00fdch situac\u00ed \u2013 z\u00e1kroky proti ozbrojen\u00fdm pachatel\u016fm.<br>Pr\u00e1ce se sv\u011btlem a viditelnost v noci.<br>Komunika\u010dn\u00ed a donucovac\u00ed prost\u0159edky.<br>Taktika osoba \u2013 kontrola osoby, pout\u00e1n\u00ed\u2026<br>Taktika vozidla \u2013 postupy p\u0159i zastaven\u00ed vozidla, postupy p\u0159i n\u00e1siln\u00e9m vstupu<br><\/p>\n\n\n\n<p><strong>Profesn\u00ed sebeobrana<\/strong><br>Donucovac\u00ed prost\u0159edky<br>Kontrola, znehybn\u011bn\u00ed a transport podez\u0159el\u00fdch.<br>Such\u00fd n\u00e1cvik se zbran\u00ed<br>Pr\u00e1ce s teleskopick\u00fdm obu\u0161kem a jin\u00fdmi donucovac\u00edmi prost\u0159edky.<br>\u0158e\u0161en\u00ed konflikt\u016f v omezen\u00e9m prostoru (vozidlo, \u00fazk\u00e9 prostory).<br><\/p>\n\n\n\n<p>\ud83d\udcc5 \ud83d\udccd<strong>Term\u00edny a m\u00edsto kon\u00e1n\u00ed<\/strong> \u2013 dle domluvy, mo\u017enost v\u00fdcviku p\u0159\u00edmo ve va\u0161em m\u011bst\u011b.<br><\/p>\n\n\n\n<p><strong>\ud83d\udce9 <strong>Objedn\u00e1vky a dotazy:<\/strong> <a href=\"mailto:info@cqcsolutions.cz\"><strong>info@cqcsolutions.cz<\/strong><\/a><\/strong><\/p>\n\n\n\n<p>Zvy\u0161te svou akceschopnost a p\u0159ipravenost na re\u00e1ln\u00e9 situace!<\/p>\n\n\n\n<p><strong>V roce 2024, jsme po\u0159\u00e1dali kurzy zam\u011b\u0159en\u00e9 na st\u0159eleckou a taktickou p\u0159\u00edpravu pro MP \u017didlochovice. <\/strong><\/p>\n\n\n\n<p><strong>Od roku 2024 pravideln\u011b cvi\u010d\u00edme s MP B\u0159eclav a Boskovice. V\u00fdcviky jsou zam\u011b\u0159en\u00e9 na donucovac\u00ed prost\u0159edky, taktiku z\u00e1kroku a st\u0159eleckou p\u0159\u00edpravu. <\/strong><\/p>\n\n\n\n<p><strong>V roce 2025 jsme uspo\u0159\u00e1dali kurz pro MP Uhersk\u00e9 Hradi\u0161t\u011b zam\u011b\u0159en\u00fd na donucovac\u00ed prost\u0159edky.<\/strong><\/p>\n\n\n\n<p><strong>Fotografie<\/strong><\/p>\n\n\n\nngg_shortcode_0_placeholder\n","protected":false},"excerpt":{"rendered":"<p>!!! Profesn\u00ed rozvoj v krizov\u00fdch situac\u00edch !!! Kurzy jsou speci\u00e1ln\u011b navr\u017eeny pro p\u0159\u00edslu\u0161n\u00edky m\u011bstsk\u00e9 policie a zam\u011b\u0159uj\u00ed se nakl\u00ed\u010dov\u00e9 oblasti profesn\u00edho v\u00fdcviku. C\u00edlem je zv\u00fd\u0161it p\u0159ipravenost na krizov\u00e9 situace,zdokonalit st\u0159eleck\u00e9 [&hellip;]<\/p>\n","protected":false},"author":1,"featured_media":0,"parent":0,"menu_order":0,"comment_status":"closed","ping_status":"closed","template":"","meta":{"ngg_post_thumbnail":0,"footnotes":""},"class_list":["post-94","page","type-page","status-publish","hentry"],"_links":{"self":[{"href":"https:\/\/www.cqcsolutions.cz\/index.php?rest_route=\/wp\/v2\/pages\/94","targetHints":{"allow":["GET"]}}],"collection":[{"href":"https:\/\/www.cqcsolutions.cz\/index.php?rest_route=\/wp\/v2\/pages"}],"about":[{"href":"https:\/\/www.cqcsolutions.cz\/index.php?rest_route=\/wp\/v2\/types\/page"}],"author":[{"embeddable":true,"href":"https:\/\/www.cqcsolutions.cz\/index.php?rest_route=\/wp\/v2\/users\/1"}],"replies":[{"embeddable":true,"href":"https:\/\/www.cqcsolutions.cz\/index.php?rest_route=%2Fwp%2Fv2%2Fcomments&post=94"}],"version-history":[{"count":7,"href":"https:\/\/www.cqcsolutions.cz\/index.php?rest_route=\/wp\/v2\/pages\/94\/revisions"}],"predecessor-version":[{"id":695,"href":"https:\/\/www.cqcsolutions.cz\/index.php?rest_route=\/wp\/v2\/pages\/94\/revisions\/695"}],"wp:attachment":[{"href":"https:\/\/www.cqcsolutions.cz\/index.php?rest_route=%2Fwp%2Fv2%2Fmedia&parent=94"}],"curies":[{"name":"wp","href":"https:\/\/api.w.org\/{rel}","templated":true}]}}